{"id":449,"date":"2023-10-03T08:30:03","date_gmt":"2023-10-03T06:30:03","guid":{"rendered":"http:\/\/xdiag.org\/?post_type=product&#038;p=449"},"modified":"2026-02-15T21:12:01","modified_gmt":"2026-02-15T20:12:01","slug":"kingbolen-ediag-plus-canfd-protocol-ecu-coding-and-diagnostic-tool","status":"publish","type":"product","link":"https:\/\/xdiag.org\/pt\/product\/kingbolen-ediag-plus-canfd-protocol-ecu-coding-and-diagnostic-tool\/","title":{"rendered":"KINGBOLEN Ediag Plus Ferramenta de diagn\u00f3stico e codifica\u00e7\u00e3o ECU com protocolo CANFD"},"content":{"rendered":"<h1 data-start=\"167\" data-end=\"239\">Kingbolen Ediag Plus \u2013 Conector OBD2 Bluetooth compacto para Xdiag<\/h1>\n<p data-start=\"241\" data-end=\"619\" class=\" translation-block\">O <strong data-start=\"245\" data-end=\"269\">Kingbolen Ediag Plus<\/strong> \u00e9 um conector de diagn\u00f3stico OBD2 Bluetooth profissional, desenvolvido como um clone confi\u00e1vel do ThinkDiag 2 e totalmente compat\u00edvel com a <strong data-start=\"401\" data-end=\"428\">Xdiag software platform<\/strong>. Ele oferece fun\u00e7\u00f5es avan\u00e7adas como controle bidirecional, codifica\u00e7\u00e3o ECU, suporte ao protocolo CAN-FD e m\u00faltiplos resets de servi\u00e7o, sendo assim uma solu\u00e7\u00e3o de diagn\u00f3stico poderosa e econ\u00f4mica.<\/p>\n<h2 data-start=\"626\" data-end=\"652\">\ud83c\udf1f Destaques do produto<\/h2>\n<p data-start=\"653\" data-end=\"1500\">\u2705 <strong data-start=\"655\" data-end=\"694\">Adaptador OBD2 Bluetooth profissional<\/strong> \u2013 Design compacto, f\u00e1cil de usar em qualquer oficina<br data-start=\"740\" data-end=\"743\" \/>\u2705 <strong data-start=\"745\" data-end=\"768\">Compatibilidade com Xdiag<\/strong> \u2013 Totalmente testado e otimizado para uso com o software Xdiag<br data-start=\"825\" data-end=\"828\" \/>\u2705 <strong data-start=\"830\" data-end=\"851\">Conex\u00e3o est\u00e1vel<\/strong> \u2013 Bluetooth 5.0\/5.1 em modo duplo para comunica\u00e7\u00e3o r\u00e1pida e confi\u00e1vel<br data-start=\"917\" data-end=\"920\" \/>\u2705 <strong data-start=\"922\" data-end=\"940\">Carca\u00e7a robusta<\/strong> \u2013 Constru\u00eddo em ABS+PC+TPU para maior durabilidade, com luzes indicadoras<br data-start=\"1001\" data-end=\"1004\" \/>\u2705 <strong data-start=\"1006\" data-end=\"1024\">Uso conveniente<\/strong> \u2013 Inclui um cabo OBD2 de 0,65 m para maior flexibilidade<br data-start=\"1076\" data-end=\"1079\" \/>\u2705 <strong data-start=\"1081\" data-end=\"1099\">Suporte CAN-FD<\/strong> \u2013 Funciona com os ve\u00edculos GM mais recentes (2020+) e com plataformas de nova gera\u00e7\u00e3o<br data-start=\"1161\" data-end=\"1164\" \/>\u2705 <strong data-start=\"1166\" data-end=\"1188\">Fun\u00e7\u00f5es avan\u00e7adas<\/strong> \u2013 Reset de \u00f3leo, regenera\u00e7\u00e3o do DPF, codifica\u00e7\u00e3o de injetores, aprendizado da bateria e muito mais (dependendo do modelo do ve\u00edculo)<br data-start=\"1292\" data-end=\"1295\" \/>\u2705 <strong data-start=\"1297\" data-end=\"1336\">Controle bidirecional e codifica\u00e7\u00e3o ECU<\/strong> \u2013 Realiza testes ativos, adapta\u00e7\u00f5es e codifica\u00e7\u00e3o de m\u00f3dulos<br data-start=\"1391\" data-end=\"1394\" \/>\u2705 <strong data-start=\"1396\" data-end=\"1413\">Ampla cobertura<\/strong> \u2013 Suporta carros de passeio, ve\u00edculos el\u00e9tricos, h\u00edbridos e ve\u00edculos pesados com pacotes Xdiag<\/p>\n<h2 data-start=\"1507\" data-end=\"1539\">Especifica\u00e7\u00f5es t\u00e9cnicas<\/h2>\n<ul data-start=\"1540\" data-end=\"1794\">\n<li data-start=\"1540\" data-end=\"1583\">\n<p data-start=\"1542\" data-end=\"1583\">Conex\u00e3o: Bluetooth 5.0\/5.1 modo duplo<\/p>\n<\/li>\n<li data-start=\"1584\" data-end=\"1640\">\n<p data-start=\"1586\" data-end=\"1640\">Sistemas operacionais suportados: Android 7\u201313, Android 14 (apenas 32 bits)<\/p>\n<\/li>\n<li data-start=\"1641\" data-end=\"1712\">\n<p data-start=\"1643\" data-end=\"1712\">Protocolos: ISO9141, KWP2000, J1850 VPW, J1850 PWM, CAN, UDS, CAN-FD<\/p>\n<\/li>\n<li data-start=\"1713\" data-end=\"1769\">\n<p data-start=\"1715\" data-end=\"1769\">Material da carca\u00e7a: ABS + PC + TPU com indicadores LED<\/p>\n<\/li>\n<li data-start=\"1770\" data-end=\"1794\">\n<p data-start=\"1772\" data-end=\"1794\">Comprimento do cabo: 0,65 m<\/p>\n<\/li>\n<\/ul>\n<h2 data-start=\"1801\" data-end=\"1825\">\u26a0\ufe0f Aviso importante<\/h2>\n<p data-start=\"1826\" data-end=\"2000\">This connector does <strong data-start=\"1846\" data-end=\"1887\">not include Xdiag software or license<\/strong>.<br data-start=\"1888\" data-end=\"1891\" \/>\ud83d\udc49 You can choose and purchase your desired <strong data-start=\"1935\" data-end=\"1998\">Xdiag software package separately here: [<a href=\"https:\/\/xdiag.org\/xdiag-buy-subscription\/\">Buy Xdiag Package<\/a>]<\/strong><\/p>\n<h2 data-start=\"2007\" data-end=\"2031\">\ud83d\udce6 Conte\u00fado da embalagem<\/h2>\n<p data-start=\"2032\" data-end=\"2129\">\u2714\ufe0f 1x Conector OBD2 Bluetooth Kingbolen Ediag Plus<br data-start=\"2083\" data-end=\"2086\" \/>\u2714\ufe0f 1x Cabo OBD2 (0,65 m)<br data-start=\"2111\" data-end=\"2114\" \/>\u2714\ufe0f Manual do usu\u00e1rio<\/p>\n<h2 data-start=\"2136\" data-end=\"2176\">\ud83d\udca1 Por que escolher Kingbolen Ediag Plus?<\/h2>\n<ul data-start=\"2177\" data-end=\"2493\">\n<li data-start=\"2177\" data-end=\"2249\">\n<p data-start=\"2179\" data-end=\"2249\">Clone do ThinkDiag 2 \u2013 mesma funcionalidade por um pre\u00e7o mais acess\u00edvel<\/p>\n<\/li>\n<li data-start=\"2250\" data-end=\"2301\">\n<p data-start=\"2252\" data-end=\"2301\">Testado 100 % com o software Xdiag antes do envio<\/p>\n<\/li>\n<li data-start=\"2302\" data-end=\"2356\">\n<p data-start=\"2304\" data-end=\"2356\">Diagn\u00f3stico de n\u00edvel profissional com suporte CAN-FD<\/p>\n<\/li>\n<li data-start=\"2357\" data-end=\"2439\">\n<p data-start=\"2359\" data-end=\"2439\">Compat\u00edvel com pacotes de software para carros, ve\u00edculos el\u00e9tricos, h\u00edbridos e ve\u00edculos pesados via Xdiag<\/p>\n<\/li>\n<li data-start=\"2440\" data-end=\"2493\">\n<p data-start=\"2442\" data-end=\"2493\">Compacto, robusto e pronto para uso di\u00e1rio na oficina<\/p>\n<\/li>\n<\/ul>\n<p data-start=\"2500\" data-end=\"2725\">\u2705 In short, the <strong data-start=\"2516\" data-end=\"2540\">Kingbolen Ediag Plus<\/strong> is a cost-effective alternative to the ThinkDiag 2, offering full <strong data-start=\"2607\" data-end=\"2630\">Xdiag compatibility<\/strong>, stable Bluetooth performance, and advanced diagnostic features in a compact OBD2 connector.<\/p>","protected":false},"excerpt":{"rendered":"<p class=\" translation-block\">O <strong data-start=\"141\" data-end=\"165\">Kingbolen Ediag Plus<\/strong> \u00e9 um conector OBD2 Bluetooth compacto, totalmente compat\u00edvel com o <strong data-start=\"238\" data-end=\"256\">Xdiag software<\/strong>. Com suporte para CAN-FD, controle bidirecional, codifica\u00e7\u00e3o ECU e m\u00faltiplos resets de servi\u00e7o, oferece diagn\u00f3stico de n\u00edvel profissional por um pre\u00e7o acess\u00edvel. Testado com Xdiag para garantir estabilidade e confiabilidade, este conector \u00e9 ideal para carros, ve\u00edculos el\u00e9tricos, h\u00edbridos e ve\u00edculos pesados.<\/p>","protected":false},"featured_media":5150,"template":"","meta":{"_seopress_robots_primary_cat":"21","_seopress_titles_title":"KINGBOLEN Ediag Plus OBD2 Advanced Diagnostics Scanner","_seopress_titles_desc":"KINGBOLEN Ediag Plus: A Distinctive Automotive OBD2 Scanner Providing Exclusive CAN-FD Protocol Compatibility and Post-2020 GM Vehicle Support.","_seopress_robots_index":"","_kad_blocks_custom_css":"","_kad_blocks_head_custom_js":"","_kad_blocks_body_custom_js":"","_kad_blocks_footer_custom_js":"","_kad_post_transparent":"default","_kad_post_title":"","_kad_post_layout":"default","_kad_post_sidebar_id":"","_kad_post_content_style":"default","_kad_post_vertical_padding":"default","_kad_post_feature":"","_kad_post_feature_position":"","_kad_post_header":false,"_kad_post_footer":false,"iawp_total_views":960},"product_cat":[21,26],"product_tag":[],"class_list":{"0":"post-449","1":"product","2":"type-product","3":"status-publish","4":"has-post-thumbnail","6":"product_cat-connectors","7":"product_cat-xdiag","9":"first","10":"instock","11":"shipping-taxable","12":"purchasable","13":"product-type-simple","14":"entry","15":"content-bg","16":"loop-entry"},"exclude_global_add_ons":[],"addons":[],"taxonomy_info":{"product_cat":[{"value":21,"label":"Connectors"},{"value":26,"label":"xdiag"}]},"featured_image_src_large":["https:\/\/xdiag.org\/wp-content\/uploads\/2025\/09\/Xdiag_Ediag_Plus_1.jpg",600,600,false],"author_info":[],"comment_info":"","_links":{"self":[{"href":"https:\/\/xdiag.org\/pt\/wp-json\/wp\/v2\/product\/449","targetHints":{"allow":["GET"]}}],"collection":[{"href":"https:\/\/xdiag.org\/pt\/wp-json\/wp\/v2\/product"}],"about":[{"href":"https:\/\/xdiag.org\/pt\/wp-json\/wp\/v2\/types\/product"}],"wp:featuredmedia":[{"embeddable":true,"href":"https:\/\/xdiag.org\/pt\/wp-json\/wp\/v2\/media\/5150"}],"wp:attachment":[{"href":"https:\/\/xdiag.org\/pt\/wp-json\/wp\/v2\/media?parent=449"}],"wp:term":[{"taxonomy":"product_cat","embeddable":true,"href":"https:\/\/xdiag.org\/pt\/wp-json\/wp\/v2\/product_cat?post=449"},{"taxonomy":"product_tag","embeddable":true,"href":"https:\/\/xdiag.org\/pt\/wp-json\/wp\/v2\/product_tag?post=449"}],"curies":[{"name":"wp","href":"https:\/\/api.w.org\/{rel}","templated":true}]}}