{"id":451,"date":"2023-10-03T08:31:19","date_gmt":"2023-10-03T06:31:19","guid":{"rendered":"http:\/\/xdiag.org\/?post_type=product&#038;p=451"},"modified":"2026-05-01T07:17:25","modified_gmt":"2026-05-01T05:17:25","slug":"launch-dbscar-vii-connector","status":"publish","type":"product","link":"https:\/\/xdiag.org\/pt\/product\/launch-dbscar-vii-connector\/","title":{"rendered":"Launch DBScar VII DBSCAR7 Scanner OBD2 Bluetooth com suporte aos protocolos CAN FD e DoIP, diagn\u00f3stico potente de todos os sistemas para X431"},"content":{"rendered":"<h1 data-start=\"166\" data-end=\"192\">Descri\u00e7\u00e3o do produto<\/h1>\n<p data-start=\"194\" data-end=\"464\" class=\" translation-block\">O <strong data-start=\"198\" data-end=\"223\">DBScar VII (DBScar 7)<\/strong> \u00e9 um conector de diagn\u00f3stico OBD2 Bluetooth avan\u00e7ado, <strong data-start=\"285\" data-end=\"338\">desenvolvido exclusivamente para compatibilidade com o software Xdiag<\/strong>. Ele oferece comunica\u00e7\u00e3o est\u00e1vel e r\u00e1pida para diagn\u00f3sticos profissionais, compat\u00edvel com ve\u00edculos leves e pesados.<\/p>\n<h3 data-start=\"466\" data-end=\"486\">\u2705 Principais recursos<\/h3>\n<ul data-start=\"487\" data-end=\"988\">\n<li data-start=\"487\" data-end=\"590\">\n<p data-start=\"489\" data-end=\"590\"><strong data-start=\"489\" data-end=\"528\">Adaptador OBD2 Bluetooth profissional<\/strong> \u2013 Conex\u00e3o confi\u00e1vel entre o ve\u00edculo e o dispositivo de diagn\u00f3stico<\/p>\n<\/li>\n<li data-start=\"591\" data-end=\"703\">\n<p data-start=\"593\" data-end=\"703\"><strong data-start=\"593\" data-end=\"618\">Compatibilidade com Android<\/strong> \u2013 Compat\u00edvel com smartphones e tablets com Android 7\u201313 e Android 14 (sistemas de 32 bits)<\/p>\n<\/li>\n<li data-start=\"704\" data-end=\"791\">\n<p data-start=\"706\" data-end=\"791\"><strong data-start=\"706\" data-end=\"740\">Totalmente testado com o software Xdiag<\/strong> \u2013 Verificado quanto \u00e0 autenticidade e funcionamento suave<\/p>\n<\/li>\n<li data-start=\"792\" data-end=\"889\">\n<p data-start=\"794\" data-end=\"889\"><strong data-start=\"794\" data-end=\"823\">Desempenho r\u00e1pido e est\u00e1vel<\/strong> \u2013 Garante leitura precisa de dados, acesso \u00e0 ECU e redefini\u00e7\u00f5es de servi\u00e7o<\/p>\n<\/li>\n<li data-start=\"890\" data-end=\"988\">\n<p data-start=\"892\" data-end=\"988\"><strong data-start=\"892\" data-end=\"921\">Suporta protocolos modernos<\/strong> \u2013 ISO9141, KWP2000, J1850 VPW, J1850 PWM, CAN, UDS, CAN-FD, DOIP<\/p>\n<\/li>\n<\/ul>\n<h3 data-start=\"990\" data-end=\"1015\">\u26a0\ufe0f Aviso importante<\/h3>\n<p data-start=\"1016\" data-end=\"1190\">This connector <strong data-start=\"1031\" data-end=\"1077\">does not include Xdiag software or license<\/strong>.<br data-start=\"1078\" data-end=\"1081\" \/>\ud83d\udc49 You can choose and purchase your desired <strong data-start=\"1125\" data-end=\"1188\">Xdiag software package separately here: [<a href=\"https:\/\/xdiag.org\/xdiag-buy-subscription\/\">Buy Xdiag Package<\/a>]<\/strong><\/p>\n<h3 data-start=\"1192\" data-end=\"1231\">Por que escolher DBScar VII (DBScar 7)?<\/h3>\n<ul data-start=\"1232\" data-end=\"1607\">\n<li data-start=\"1232\" data-end=\"1298\">\n<p data-start=\"1234\" data-end=\"1298\">Hardware 100% original \u2013 chip completo, sem clones, sem falsifica\u00e7\u00f5es<\/p>\n<\/li>\n<li data-start=\"1299\" data-end=\"1359\">\n<p data-start=\"1301\" data-end=\"1359\" class=\" translation-block\">Cada unidade \u00e9 <strong data-start=\"1315\" data-end=\"1341\">testada com testadores IO antes do envio<\/strong><\/p>\n<\/li>\n<li data-start=\"1360\" data-end=\"1429\">\n<p data-start=\"1362\" data-end=\"1429\" class=\" translation-block\"><strong data-start=\"1362\" data-end=\"1399\">Desempenho profissional para oficinas<\/strong> com confiabilidade garantida<\/p>\n<\/li>\n<li data-start=\"1430\" data-end=\"1522\">\n<p data-start=\"1432\" data-end=\"1522\" class=\" translation-block\">Compat\u00edvel com <strong data-start=\"1448\" data-end=\"1520\">pacotes de software Xdiag para carros de passeio, ve\u00edculos el\u00e9tricos, h\u00edbridos e ve\u00edculos pesados<\/strong><\/p>\n<\/li>\n<li data-start=\"1523\" data-end=\"1607\">\n<p data-start=\"1525\" data-end=\"1607\" class=\" translation-block\"><strong data-start=\"1525\" data-end=\"1551\">Protocolos preparados para o futuro<\/strong> \u2013 suporta CAN FD e DOIP para ve\u00edculos de nova gera\u00e7\u00e3o<\/p>\n<\/li>\n<\/ul>\n<h3 data-start=\"1609\" data-end=\"1634\">\ud83d\udce6 Conte\u00fado da embalagem<\/h3>\n<ul data-start=\"1635\" data-end=\"1677\">\n<li data-start=\"1635\" data-end=\"1677\">\n<p data-start=\"1637\" data-end=\"1677\">1x Conector OBD2 Bluetooth DBScar VII<\/p>\n<\/li>\n<\/ul>\n<hr data-start=\"1679\" data-end=\"1682\" \/>\n<p data-start=\"1684\" data-end=\"1871\">\u2705 <strong data-start=\"1686\" data-end=\"1869\">In short, the DBScar VII is the trusted Bluetooth OBD2 connector for Xdiag software, offering professional diagnostics, modern protocol support, and reliable workshop performance.<\/strong><\/p>","protected":false},"excerpt":{"rendered":"<p class=\" translation-block\">O <strong data-start=\"130\" data-end=\"172\">Genuine Original DBScar VII (DBScar 7)<\/strong> \u00e9 um conector de diagn\u00f3stico OBD2 Bluetooth, totalmente programado e testado na <strong data-start=\"247\" data-end=\"265\">Xdiag platform<\/strong> para garantir 100% de autenticidade e desempenho confi\u00e1vel. Observe que o dispositivo n\u00e3o inclui software pr\u00e9-instalado \u2013 o <strong data-start=\"390\" data-end=\"445\" data-is-only-node=\"\">pacote de software Xdiag deve ser adquirido separadamente<\/strong>.<\/p>","protected":false},"featured_media":5147,"template":"","meta":{"_seopress_robots_primary_cat":"21","_seopress_titles_title":"Original Launch DBScar VII (DBScar 7)","_seopress_titles_desc":"Cucial information about the Original Launch DBScar VII, a meticulously tested product ensuring authenticity and superior performance on the Xdiag platform.","_seopress_robots_index":"","_kad_blocks_custom_css":"","_kad_blocks_head_custom_js":"","_kad_blocks_body_custom_js":"","_kad_blocks_footer_custom_js":"","_kad_post_transparent":"default","_kad_post_title":"","_kad_post_layout":"default","_kad_post_sidebar_id":"","_kad_post_content_style":"default","_kad_post_vertical_padding":"default","_kad_post_feature":"","_kad_post_feature_position":"","_kad_post_header":false,"_kad_post_footer":false,"iawp_total_views":2583},"product_cat":[21,26],"product_tag":[],"class_list":{"0":"post-451","1":"product","2":"type-product","3":"status-publish","4":"has-post-thumbnail","6":"product_cat-connectors","7":"product_cat-xdiag","9":"first","10":"instock","11":"shipping-taxable","12":"purchasable","13":"product-type-simple","14":"entry","15":"content-bg","16":"loop-entry"},"exclude_global_add_ons":[],"addons":[],"taxonomy_info":{"product_cat":[{"value":21,"label":"Connectors"},{"value":26,"label":"xdiag"}]},"featured_image_src_large":["https:\/\/xdiag.org\/wp-content\/uploads\/2025\/09\/Xdiag_Dbscar_VII_1.jpg",600,600,false],"author_info":[],"comment_info":"","_links":{"self":[{"href":"https:\/\/xdiag.org\/pt\/wp-json\/wp\/v2\/product\/451","targetHints":{"allow":["GET"]}}],"collection":[{"href":"https:\/\/xdiag.org\/pt\/wp-json\/wp\/v2\/product"}],"about":[{"href":"https:\/\/xdiag.org\/pt\/wp-json\/wp\/v2\/types\/product"}],"wp:featuredmedia":[{"embeddable":true,"href":"https:\/\/xdiag.org\/pt\/wp-json\/wp\/v2\/media\/5147"}],"wp:attachment":[{"href":"https:\/\/xdiag.org\/pt\/wp-json\/wp\/v2\/media?parent=451"}],"wp:term":[{"taxonomy":"product_cat","embeddable":true,"href":"https:\/\/xdiag.org\/pt\/wp-json\/wp\/v2\/product_cat?post=451"},{"taxonomy":"product_tag","embeddable":true,"href":"https:\/\/xdiag.org\/pt\/wp-json\/wp\/v2\/product_tag?post=451"}],"curies":[{"name":"wp","href":"https:\/\/api.w.org\/{rel}","templated":true}]}}