{"id":956,"date":"2023-10-10T16:52:50","date_gmt":"2023-10-10T14:52:50","guid":{"rendered":"http:\/\/xdiag.org\/?post_type=product&#038;p=956"},"modified":"2026-04-20T00:25:33","modified_gmt":"2026-04-19T22:25:33","slug":"xdiag-x431-adapter-obd2-connector","status":"publish","type":"product","link":"https:\/\/xdiag.org\/pt\/product\/xdiag-x431-adapter-obd2-connector\/","title":{"rendered":"Adaptador para caminh\u00f5es pesados para conector OBD2"},"content":{"rendered":"<p data-start=\"126\" data-end=\"418\" class=\" translation-block\">O <strong data-start=\"130\" data-end=\"165\">24V to 12V Diagnostic Converter<\/strong> \u00e9 uma ferramenta profissional para oficinas que trabalham com caminh\u00f5es pesados, \u00f4nibus, picapes e outros ve\u00edculos de 24V. Ele converte a voltagem com seguran\u00e7a e adapta os protocolos de comunica\u00e7\u00e3o, permitindo que ferramentas de diagn\u00f3stico OBD2 (12V) <img role=\"img\" class=\"emoji\" alt=\"\ud83d\udd34\" src=\"https:\/\/s.w.org\/images\/core\/emoji\/17.0.2\/svg\/1f534.svg\"> se conectem e funcionem perfeitamente em sistemas de 24V.<\/p>\n<p>\ud83d\udd34 <strong>Convers\u00e3o de voltagem para interface de diagn\u00f3stico<\/strong> \u2013 Converte sistemas de ve\u00edculos de 24V para 12V para uso seguro com equipamentos de diagn\u00f3stico.<\/p>\n<p>\ud83d\udd34 <strong data-start=\"555\" data-end=\"592\">Convers\u00e3o de protocolo de comunica\u00e7\u00e3o<\/strong> \u2013 Converte caminh\u00f5es 24V <strong data-start=\"616\" data-end=\"626\">K-Line<\/strong> convertendo a comunica\u00e7\u00e3o para 12V K-Line, garantindo um diagn\u00f3stico suave.<\/p>\n<p data-start=\"690\" data-end=\"818\">\ud83d\udd34 <strong data-start=\"693\" data-end=\"721\">Indica\u00e7\u00e3o de entrada de voltagem<\/strong> \u2013 A tela exibe claramente <em data-start=\"752\" data-end=\"763\">entrada 24V<\/em> com um bot\u00e3o de chave elevado para reconhecimento imediato.<\/p>\n<p data-start=\"820\" data-end=\"941\">\ud83d\udd34 <strong data-start=\"823\" data-end=\"852\">Indica\u00e7\u00e3o de voltagem de sa\u00edda<\/strong> \u2013 Mostra <em data-start=\"861\" data-end=\"873\">sa\u00edda 12V<\/em> com o bot\u00e3o de chave pressionado para confirmar a convers\u00e3o ativa.<\/p>\n<p data-start=\"943\" data-end=\"1074\"><strong data-start=\"946\" data-end=\"980\">\ud83d\udd34Indicador de status de comunica\u00e7\u00e3o<\/strong> \u2013 A luz indicadora mostra o status de comunica\u00e7\u00e3o em tempo real entre o ve\u00edculo e a ferramenta de diagn\u00f3stico.<\/p>\n<h3 data-start=\"1081\" data-end=\"1113\">Por que escolher este conversor?<\/h3>\n<p data-start=\"1115\" data-end=\"1393\">\ud83d\udd34 Expande a compatibilidade das ferramentas OBD2 para <strong data-start=\"1153\" data-end=\"1169\">ve\u00edculos 24V<\/strong><br data-start=\"1169\" data-end=\"1172\" \/>\ud83d\udd34 Garante <strong data-start=\"1186\" data-end=\"1224\">uma convers\u00e3o de voltagem segura e est\u00e1vel<\/strong><br data-start=\"1224\" data-end=\"1227\" \/>\ud83d\udd34 Fornece <strong data-start=\"1239\" data-end=\"1266\">indicadores visuais claros<\/strong> para entrada, sa\u00edda e comunica\u00e7\u00e3o<br data-start=\"1303\" data-end=\"1306\" \/>\ud83d\udd34 Ideal para oficinas profissionais que lidam com <strong data-start=\"1351\" data-end=\"1391\">carros, picapes e caminh\u00f5es pesados<\/strong><\/p>\n<p data-start=\"1400\" data-end=\"1621\" class=\" translation-block\"><strong data-start=\"1402\" data-end=\"1415\">In short:<\/strong> O <strong data-start=\"1420\" data-end=\"1455\">24V to 12V Diagnostic Converter<\/strong> \u00e9 um acess\u00f3rio indispens\u00e1vel para t\u00e9cnicos que precisam de diagn\u00f3sticos confi\u00e1veis em <strong data-start=\"1535\" data-end=\"1558\">12V and 24V systems<\/strong>, garantindo seguran\u00e7a, compatibilidade e comunica\u00e7\u00e3o impec\u00e1vel.<\/p>","protected":false},"excerpt":{"rendered":"<p class=\" translation-block\">O <strong data-start=\"95\" data-end=\"146\">Godiag GT106 Heavy Truck Power Module Converter<\/strong> converte com seguran\u00e7a sistemas de caminh\u00f5es de 24V e comunica\u00e7\u00e3o K-Line para 12V, permitindo o uso de equipamentos de diagn\u00f3stico em ve\u00edculos pesados sem risco de danificar ferramentas de diagn\u00f3stico de 12V.<\/p>","protected":false},"featured_media":5153,"template":"","meta":{"_seopress_robots_primary_cat":"25","_seopress_titles_title":"Godiag GT106 Heavy Truck Power Module Converter","_seopress_titles_desc":"Discover the Godiag GT106 Heavy Truck Power Module Converter in seamlessly converting a truck's 24v K-Line communication protocol to a 12v K-Line.","_seopress_robots_index":"","_kad_blocks_custom_css":"","_kad_blocks_head_custom_js":"","_kad_blocks_body_custom_js":"","_kad_blocks_footer_custom_js":"","_kad_post_transparent":"default","_kad_post_title":"","_kad_post_layout":"default","_kad_post_sidebar_id":"","_kad_post_content_style":"default","_kad_post_vertical_padding":"default","_kad_post_feature":"","_kad_post_feature_position":"","_kad_post_header":false,"_kad_post_footer":false,"iawp_total_views":265},"product_cat":[25,26],"product_tag":[],"class_list":{"0":"post-956","1":"product","2":"type-product","3":"status-publish","4":"has-post-thumbnail","6":"product_cat-adapters","7":"product_cat-xdiag","9":"first","10":"instock","11":"shipping-taxable","12":"purchasable","13":"product-type-simple","14":"entry","15":"content-bg","16":"loop-entry"},"exclude_global_add_ons":[],"addons":[],"taxonomy_info":{"product_cat":[{"value":25,"label":"Adapters"},{"value":26,"label":"xdiag"}]},"featured_image_src_large":["https:\/\/xdiag.org\/wp-content\/uploads\/2025\/09\/Xdiag_Godiag-GT106_Plus_1.jpg",600,600,false],"author_info":[],"comment_info":"","_links":{"self":[{"href":"https:\/\/xdiag.org\/pt\/wp-json\/wp\/v2\/product\/956","targetHints":{"allow":["GET"]}}],"collection":[{"href":"https:\/\/xdiag.org\/pt\/wp-json\/wp\/v2\/product"}],"about":[{"href":"https:\/\/xdiag.org\/pt\/wp-json\/wp\/v2\/types\/product"}],"wp:featuredmedia":[{"embeddable":true,"href":"https:\/\/xdiag.org\/pt\/wp-json\/wp\/v2\/media\/5153"}],"wp:attachment":[{"href":"https:\/\/xdiag.org\/pt\/wp-json\/wp\/v2\/media?parent=956"}],"wp:term":[{"taxonomy":"product_cat","embeddable":true,"href":"https:\/\/xdiag.org\/pt\/wp-json\/wp\/v2\/product_cat?post=956"},{"taxonomy":"product_tag","embeddable":true,"href":"https:\/\/xdiag.org\/pt\/wp-json\/wp\/v2\/product_tag?post=956"}],"curies":[{"name":"wp","href":"https:\/\/api.w.org\/{rel}","templated":true}]}}