{"id":958,"date":"2023-10-10T17:04:05","date_gmt":"2023-10-10T15:04:05","guid":{"rendered":"http:\/\/xdiag.org\/?post_type=product&#038;p=958"},"modified":"2025-10-11T10:44:23","modified_gmt":"2025-10-11T08:44:23","slug":"launch-x-431-tire-pressure-detector","status":"publish","type":"product","link":"https:\/\/xdiag.org\/pt\/product\/launch-x-431-tire-pressure-detector\/","title":{"rendered":"Launch X431 TSGUN TPMS Tire Pressure Detector \u2013 Ferramenta de diagn\u00f3stico TPMS para ativar, reaprender e programar sensores, compat\u00edvel com X431 V \/ V+ \/ PRO3S+ \/ PAD V \/ PAD II"},"content":{"rendered":"<p data-start=\"214\" data-end=\"540\" class=\" translation-block\">The <strong data-start=\"218\" data-end=\"233\">Xdiag TSGUN<\/strong> \u00e9 uma ferramenta TPMS profissional e port\u00e1til, desenvolvida para integra\u00e7\u00e3o perfeita com dispositivos de diagn\u00f3stico que suportam o software Xdiag. Compacta, port\u00e1til e potente, oferece diagn\u00f3stico TPMS completo, ativa\u00e7\u00e3o de sensores, programa\u00e7\u00e3o e fun\u00e7\u00f5es de reaprendizado \u2013 tudo em um \u00fanico dispositivo.<\/p>\n<p data-start=\"542\" data-end=\"641\">\ud83d\udd34 <strong data-start=\"545\" data-end=\"571\">Tela colorida de 1,77 polegadas<\/strong> \u2013 Tela brilhante e n\u00edtida para f\u00e1cil leitura durante o diagn\u00f3stico.<\/p>\n<p data-start=\"643\" data-end=\"740\">\ud83d\udd34 <strong data-start=\"646\" data-end=\"672\">M\u00e9tricas dos pneus em tempo real<\/strong> \u2013 L\u00ea instantaneamente a press\u00e3o dos pneus, a temperatura e o status da bateria.<\/p>\n<p data-start=\"742\" data-end=\"843\">\ud83d\udd34 <strong data-start=\"745\" data-end=\"771\">Diagn\u00f3stico de falhas do TPMS<\/strong> \u2013 Detecta e apaga com precis\u00e3o os c\u00f3digos de falha da press\u00e3o dos pneus (DTCs).<\/p>\n<p data-start=\"845\" data-end=\"955\">\ud83d\udd34 <strong data-start=\"848\" data-end=\"880\">Ativa\u00e7\u00e3o e pareamento de sensores<\/strong> \u2013 Ativa e pareia sensores nas frequ\u00eancias de 315 MHz e 433 MHz.<\/p>\n<p data-start=\"957\" data-end=\"1059\">\ud83d\udd34 <strong data-start=\"960\" data-end=\"986\">Gerenciamento de dados dos sensores<\/strong> \u2013 L\u00ea, copia e grava rapidamente os IDs dos sensores para um manuseio eficiente.<\/p>\n<p data-start=\"1061\" data-end=\"1173\">\ud83d\udd34 <strong data-start=\"1064\" data-end=\"1096\">Programa\u00e7\u00e3o ilimitada de sensores<\/strong> \u2013 Programa sensores dedicados sem restri\u00e7\u00f5es nos ciclos de reprograma\u00e7\u00e3o.<\/p>\n<p data-start=\"1175\" data-end=\"1287\">\ud83d\udd34 <strong data-start=\"1178\" data-end=\"1212\">Instru\u00e7\u00f5es de aprendizagem integradas<\/strong> \u2013 Simplifica os procedimentos de aprendizagem dos sensores TPMS com orienta\u00e7\u00e3o passo a passo.<\/p>\n<p data-start=\"1289\" data-end=\"1379\">\ud83d\udd34 <strong data-start=\"1292\" data-end=\"1322\">Ampla cobertura de ve\u00edculos<\/strong> \u2013 Compat\u00edvel com at\u00e9 98 % dos ve\u00edculos equipados com TPMS em todo o mundo.<\/p>\n<hr data-start=\"1381\" data-end=\"1384\" \/>\n<h3 data-start=\"1386\" data-end=\"1409\">Modos de programa\u00e7\u00e3o<\/h3>\n<ul data-start=\"1411\" data-end=\"1709\">\n<li data-start=\"1411\" data-end=\"1471\">\n<p data-start=\"1413\" data-end=\"1471\"><strong data-start=\"1413\" data-end=\"1428\">Cria\u00e7\u00e3o autom\u00e1tica<\/strong> \u2013 Gera automaticamente novos IDs de sensores.<\/p>\n<\/li>\n<li data-start=\"1472\" data-end=\"1538\">\n<p data-start=\"1474\" data-end=\"1538\"><strong data-start=\"1474\" data-end=\"1490\">Manual Input<\/strong> \u2013 Enter original or alternative IDs manually.<\/p>\n<\/li>\n<li data-start=\"1539\" data-end=\"1626\">\n<p data-start=\"1541\" data-end=\"1626\"><strong data-start=\"1541\" data-end=\"1556\">C\u00f3pia via OBD<\/strong> \u2013 Recupera o ID do sensor diretamente da ECU por meio de uma conex\u00e3o OBD.<\/p>\n<\/li>\n<li data-start=\"1627\" data-end=\"1709\">\n<p data-start=\"1629\" data-end=\"1709\"><strong data-start=\"1629\" data-end=\"1651\">C\u00f3pia por ativa\u00e7\u00e3o<\/strong> \u2013 Ativa os sensores originais antes de copiar seus dados.<\/p>\n<\/li>\n<\/ul>\n<hr data-start=\"1711\" data-end=\"1714\" \/>\n<h3 data-start=\"1716\" data-end=\"1735\">Compatibilidade<\/h3>\n<p data-start=\"1737\" data-end=\"1925\" class=\" translation-block\">The <strong data-start=\"1741\" data-end=\"1756\">Xdiag TSGUN<\/strong> foi desenvolvido para uso com dispositivos de diagn\u00f3stico que executam o <strong data-start=\"1809\" data-end=\"1827\">Xdiag software<\/strong>.<br data-start=\"1828\" data-end=\"1831\">\nCompat\u00edvel com sensores TPMS compat\u00edveis com Xdiag (315\/433 MHz), que devem ser adquiridos separadamente.<\/p>\n<hr data-start=\"1927\" data-end=\"1930\" \/>\n<h3 data-start=\"1932\" data-end=\"1961\">Por que escolher o Xdiag TSGUN?<\/h3>\n<p data-start=\"1963\" data-end=\"2221\">\ud83d\udd34 Design port\u00e1til e adequado para oficinas<br data-start=\"2003\" data-end=\"2006\" \/>\ud83d\udd34 Diagn\u00f3stico TPMS completo, da leitura \u00e0 programa\u00e7\u00e3o<br data-start=\"2059\" data-end=\"2062\" \/>\ud83d\udd34 Suporta frequ\u00eancias de 315 e 433 MHz<br data-start=\"2099\" data-end=\"2102\" \/>\ud83d\udd34 Ampla cobertura global de ve\u00edculos (carros, SUVs, caminh\u00f5es leves)<br data-start=\"2160\" data-end=\"2163\" \/>\ud83d\udd34 Testado e verificado para desempenho est\u00e1vel com Xdiag<\/p>\n<hr data-start=\"2223\" data-end=\"2226\" \/>\n<p data-start=\"2228\" data-end=\"2482\">\u2705 <strong data-start=\"2230\" data-end=\"2243\">In short:<\/strong> The <strong data-start=\"2248\" data-end=\"2263\">Xdiag TSGUN<\/strong> is an essential tool for workshops and professionals looking to streamline TPMS service. From diagnosing faults to programming and learning new sensors, it offers a reliable, cost-effective, and time-saving solution.<\/p>","protected":false},"excerpt":{"rendered":"<p class=\" translation-block\">The <strong data-start=\"95\" data-end=\"110\">Xdiag TSGUN<\/strong> \u00e9 um m\u00f3dulo TPMS profissional que combina ativa\u00e7\u00e3o, leitura, programa\u00e7\u00e3o e reaprendizado de sensores em um \u00fanico dispositivo. Compacto, port\u00e1til e econ\u00f4mico, ele l\u00ea dados essenciais dos pneus, como press\u00e3o e temperatura, ampliando perfeitamente o poder de diagn\u00f3stico das ferramentas Xdiag.<\/p>","protected":false},"featured_media":5177,"template":"","meta":{"_seopress_robots_primary_cat":"23","_seopress_titles_title":"TPMS & X-431 TSGUN Advanced Module for Tire Data Managing","_seopress_titles_desc":"The X-431 TSGUN: A Robust TPMS Module Seamlessly Integrating Sensor Functionalities and Tire Data Gathering. Delivering Portability, Cost-Efficiency, and More.","_seopress_robots_index":"","_kad_blocks_custom_css":"","_kad_blocks_head_custom_js":"","_kad_blocks_body_custom_js":"","_kad_blocks_footer_custom_js":"","_kad_post_transparent":"default","_kad_post_title":"","_kad_post_layout":"default","_kad_post_sidebar_id":"","_kad_post_content_style":"default","_kad_post_vertical_padding":"default","_kad_post_feature":"","_kad_post_feature_position":"","_kad_post_header":false,"_kad_post_footer":false,"iawp_total_views":186},"product_cat":[25,21,26],"product_tag":[],"class_list":{"0":"post-958","1":"product","2":"type-product","3":"status-publish","4":"has-post-thumbnail","6":"product_cat-adapters","7":"product_cat-connectors","8":"product_cat-xdiag","10":"first","11":"instock","12":"shipping-taxable","13":"purchasable","14":"product-type-simple","15":"entry","16":"content-bg","17":"loop-entry"},"exclude_global_add_ons":[],"addons":[],"taxonomy_info":{"product_cat":[{"value":25,"label":"Adapters"},{"value":21,"label":"Connectors"},{"value":26,"label":"xdiag"}]},"featured_image_src_large":["https:\/\/xdiag.org\/wp-content\/uploads\/2025\/09\/Xdiag_Launch_X431_TPMS_1.jpg",600,600,false],"author_info":[],"comment_info":"","_links":{"self":[{"href":"https:\/\/xdiag.org\/pt\/wp-json\/wp\/v2\/product\/958","targetHints":{"allow":["GET"]}}],"collection":[{"href":"https:\/\/xdiag.org\/pt\/wp-json\/wp\/v2\/product"}],"about":[{"href":"https:\/\/xdiag.org\/pt\/wp-json\/wp\/v2\/types\/product"}],"wp:featuredmedia":[{"embeddable":true,"href":"https:\/\/xdiag.org\/pt\/wp-json\/wp\/v2\/media\/5177"}],"wp:attachment":[{"href":"https:\/\/xdiag.org\/pt\/wp-json\/wp\/v2\/media?parent=958"}],"wp:term":[{"taxonomy":"product_cat","embeddable":true,"href":"https:\/\/xdiag.org\/pt\/wp-json\/wp\/v2\/product_cat?post=958"},{"taxonomy":"product_tag","embeddable":true,"href":"https:\/\/xdiag.org\/pt\/wp-json\/wp\/v2\/product_tag?post=958"}],"curies":[{"name":"wp","href":"https:\/\/api.w.org\/{rel}","templated":true}]}}