{"id":1411,"date":"2023-10-13T23:14:06","date_gmt":"2023-10-13T21:14:06","guid":{"rendered":"http:\/\/xdiag.org\/?post_type=product&#038;p=1411"},"modified":"2026-03-16T20:13:27","modified_gmt":"2026-03-16T19:13:27","slug":"smartlink-c-2-0-heavy-duty-truck-module","status":"publish","type":"product","link":"https:\/\/xdiag.org\/tr\/product\/smartlink-c-2-0-heavy-duty-truck-module\/","title":{"rendered":"2026 Launch X431 X-431 SmartLink C 2.0 Heavy-duty Truck Module Overseas Online Standard Configuration"},"content":{"rendered":"<h1 data-start=\"215\" data-end=\"300\">Launch X-431 SmartLink C 2.0 \u2013 Xdiag i\u00e7in geli\u015ftirilmi\u015f ileri seviye a\u011f\u0131r hizmet te\u015fhis mod\u00fcl\u00fc<\/h1>\n<p data-start=\"302\" data-end=\"657\" class=\" translation-block\">Launch X-431 SmartLink C 2.0, ticari ara\u00e7lar, kamyonlar, otob\u00fcsler, in\u015faat makineleri, tar\u0131m ekipmanlar\u0131, r\u00f6morklar, gemiler ve hatta yeni enerji ara\u00e7lar\u0131 i\u00e7in geli\u015fmi\u015f te\u015fhis yeteneklerinin kilidini a\u00e7ar.<br data-start=\"509\" data-end=\"512\">Xdiag yaz\u0131l\u0131m\u0131 ve DBScar konekt\u00f6rleri ile sorunsuz \u00e7al\u0131\u015farak ola\u011fan\u00fcst\u00fc stabilite ve h\u0131zla kapsaml\u0131 sistem te\u015fhisi sa\u011flar.<\/p>\n<h2 data-start=\"659\" data-end=\"687\">Te\u015fhis Fonksiyonlar\u0131<\/h2>\n<p data-start=\"688\" data-end=\"1184\">\ud83d\udd34 Full-System Diagnosis \u2013 Code reading, clearing, live data, special functions, and active tests<br data-start=\"785\" data-end=\"788\" \/>\ud83d\udd34 Wide Engine Support \u2013 Works with Cummins, Bosch, Weichai, Shangchai, Yuchai, Xichai, Chaochai, Yangchai, Quanchai, Volvo, Mercedes-Benz, Hino, and many more<br data-start=\"947\" data-end=\"950\" \/>\ud83d\udd34 Multi-Vehicle Coverage \u2013 Supports passenger cars, heavy-duty trucks, buses, machinery, trailers, agricultural and marine vehicles<br data-start=\"1082\" data-end=\"1085\" \/>\ud83d\udd34 Remote Diagnostics \u2013 Includes support for super remote diagnosis for efficient problem solving<\/p>\n<h2 data-start=\"1186\" data-end=\"1208\">Temel \u00d6zellikler<\/h2>\n<p data-start=\"1209\" data-end=\"1660\">1\ufe0f\u20e3 Enhanced Configuration \u2013 Designed as the next-generation heavy-duty module, fully integrated with DBScar hardware. It surpasses the older HDIII with faster and more stable data transfer, especially for commercial vehicles<br data-start=\"1434\" data-end=\"1437\" \/>2\ufe0f\u20e3 User-Friendly Interface \u2013 Modern and intuitive design makes operation smoother and more efficient<br data-start=\"1538\" data-end=\"1541\" \/>3\ufe0f\u20e3 Xdiag Integration \u2013 Fully optimized for the Xdiag ecosystem, ensuring professional reliability and future updates<\/p>\n<h2 data-start=\"1662\" data-end=\"1694\">Teknik \u00d6zellikler<\/h2>\n<p data-start=\"1695\" data-end=\"1990\" class=\" translation-block\">CPU: \u00c7ift i\u015flemci Cortex-A7 + Cortex-M7<br>\n\u0130\u015fletim sistemi: Linux<br>\n\u00c7\u00f6z\u00fcn\u00fcrl\u00fck: 320 \u00d7 480<br>\nG\u00fc\u00e7 t\u00fcketimi: &lt; 6W<br>\nDepolama: 8 GB<br>\nBellek: 256 MB<br>\n\u00c7al\u0131\u015fma s\u0131cakl\u0131\u011f\u0131: 0\u2103 \u2013 50\u2103<br>\n\u00c7al\u0131\u015fma voltaj\u0131: 9V \u2013 36V DC<br>\nBoyutlar: 200 \u00d7 110 \u00d7 47 mm<br>\n\u0130leti\u015fim: WiFi \/ Bluetooth \/ Ethernet<\/p>\n<h2 data-start=\"1992\" data-end=\"2018\">\ud83d\udce6 Paket i\u00e7eri\u011fi<\/h2>\n<p data-start=\"2019\" data-end=\"2144\">\u2714\ufe0f SmartLink C 2.0 main unit<br data-start=\"2047\" data-end=\"2050\" \/>\u2714\ufe0f Heavy-duty diagnostic cables &amp; connectors<br data-start=\"2094\" data-end=\"2097\" \/>\u2714\ufe0f Power supply cable<br data-start=\"2118\" data-end=\"2121\" \/>\u2714\ufe0f Quick start manual<\/p>\n<p data-start=\"2146\" data-end=\"2367\">\u2705 K\u0131sacas\u0131: Launch X-431 SmartLink C 2.0, Xdiag yaz\u0131l\u0131m\u0131n\u0131 kullanan profesyoneller i\u00e7in en geli\u015fmi\u015f te\u015fhis mod\u00fcl\u00fcd\u00fcr. Modern ticari ve a\u011f\u0131r hizmet ara\u00e7lar\u0131n\u0131n diagnostikas\u0131 i\u00e7in stabilite, \u00e7ok y\u00f6nl\u00fcl\u00fck ve h\u0131z\u0131 bir araya getirir.<\/p>\n<p>&nbsp;<\/p>\n<p>&nbsp;<\/p>","protected":false},"excerpt":{"rendered":"<p>Launch X-431 SmartLink C 2.0, a\u011f\u0131r hizmet ara\u00e7lar\u0131 i\u00e7in geli\u015ftirilmi\u015f \u00f6zel bir te\u015fhis mod\u00fcl\u00fcd\u00fcr ve Launch taraf\u0131ndan y\u00fcksek hassasiyetle \u00fcretilmi\u015ftir. Tam uyumluluk sunar ve Xdiag sistemiyle sorunsuz bir \u015fekilde entegre olacak \u015fekilde tasarlanm\u0131\u015ft\u0131r.<\/p>\n<p>&nbsp;<\/p>\n<p>&nbsp;<\/p>\n<p>&nbsp;<\/p>","protected":false},"featured_media":5180,"template":"","meta":{"_seopress_robots_primary_cat":"26","_seopress_titles_title":"Launch X-431 SmartLink C 2.0 Advanced Diagnostic Solution","_seopress_titles_desc":"Uncover the robust capabilities of the Launch X-431 SmartLink C 2.0, a versatile diagnostic instrument, enabling remote diagnostics and vehicle maintenance.","_seopress_robots_index":"","_kad_blocks_custom_css":"","_kad_blocks_head_custom_js":"","_kad_blocks_body_custom_js":"","_kad_blocks_footer_custom_js":"","_kad_post_transparent":"default","_kad_post_title":"","_kad_post_layout":"default","_kad_post_sidebar_id":"","_kad_post_content_style":"default","_kad_post_vertical_padding":"default","_kad_post_feature":"","_kad_post_feature_position":"","_kad_post_header":false,"_kad_post_footer":false,"iawp_total_views":878},"product_cat":[26],"product_tag":[37],"class_list":{"0":"post-1411","1":"product","2":"type-product","3":"status-publish","4":"has-post-thumbnail","6":"product_cat-xdiag","7":"product_tag-smartlink-c-2-0","9":"first","10":"instock","11":"shipping-taxable","12":"purchasable","13":"product-type-simple","14":"entry","15":"content-bg","16":"loop-entry"},"exclude_global_add_ons":[],"addons":[],"taxonomy_info":{"product_cat":[{"value":26,"label":"xdiag"}],"product_tag":[{"value":37,"label":"SmartLink C 2.0"}]},"featured_image_src_large":["https:\/\/xdiag.org\/wp-content\/uploads\/2025\/09\/Xdiag_Smartlink_C_2.0_1.jpg",600,600,false],"author_info":[],"comment_info":"","_links":{"self":[{"href":"https:\/\/xdiag.org\/tr\/wp-json\/wp\/v2\/product\/1411","targetHints":{"allow":["GET"]}}],"collection":[{"href":"https:\/\/xdiag.org\/tr\/wp-json\/wp\/v2\/product"}],"about":[{"href":"https:\/\/xdiag.org\/tr\/wp-json\/wp\/v2\/types\/product"}],"wp:featuredmedia":[{"embeddable":true,"href":"https:\/\/xdiag.org\/tr\/wp-json\/wp\/v2\/media\/5180"}],"wp:attachment":[{"href":"https:\/\/xdiag.org\/tr\/wp-json\/wp\/v2\/media?parent=1411"}],"wp:term":[{"taxonomy":"product_cat","embeddable":true,"href":"https:\/\/xdiag.org\/tr\/wp-json\/wp\/v2\/product_cat?post=1411"},{"taxonomy":"product_tag","embeddable":true,"href":"https:\/\/xdiag.org\/tr\/wp-json\/wp\/v2\/product_tag?post=1411"}],"curies":[{"name":"wp","href":"https:\/\/api.w.org\/{rel}","templated":true}]}}