{"id":3405,"date":"2025-05-07T09:08:34","date_gmt":"2025-05-07T07:08:34","guid":{"rendered":"https:\/\/xdiag.org\/?post_type=product&#038;p=3405"},"modified":"2026-01-09T15:44:48","modified_gmt":"2026-01-09T14:44:48","slug":"hayes-pro-1-year-subscription","status":"publish","type":"product","link":"https:\/\/xdiag.org\/tr\/product\/hayes-pro-1-year-subscription\/","title":{"rendered":"Haynes Pro online 1 y\u0131ll\u0131k abonelik"},"content":{"rendered":"<p>HaynesPro ile profesyonel d\u00fczeyde otomotiv onar\u0131m\u0131 ve bak\u0131m\u0131 yap\u0131n \u2014 binek ara\u00e7lar, elektrikli ara\u00e7lar, kamyonlar ve r\u00f6morklar i\u00e7in tasarlanm\u0131\u015f kapsaml\u0131 bir teknik veri taban\u0131. 75 \u20ac fiyat\u0131yla bu g\u00fc\u00e7l\u00fc ara\u00e7; bireysel kullan\u0131c\u0131lar, mekanikler ve filo y\u00f6neticilerine ara\u00e7lar\u0131 verimli ve do\u011fru bir \u015fekilde te\u015fhis etmek, onarmak ve bak\u0131m\u0131n\u0131 yapmak i\u00e7in gerekli t\u00fcm bilgileri sa\u011flar.<\/p>\n<p>Neden HaynesPro'yu se\u00e7melisiniz?<\/p>\n<p class=\" translation-block\">In-Depth Engine Data: Access detailed engine specifications, including performance metrics, diagnostic trouble codes (DTCs), and maintenance requirements, ensuring precise engine repairs and optimizations.<br>\r\nStep-by-Step Repair Instructions: Follow clear, manufacturer-approved repair guides with detailed procedures for everything from brake systems to tire replacements, making complex repairs manageable for all skill levels.<br>\r\nComprehensive Electrical Schematics: Troubleshoot and resolve electrical issues with ease using high-quality wiring diagrams for engine management, ABS, ESP, air conditioning, and more. Includes component-specific diagrams for rapid diagnostics.<br>\r\nInjector and Fuel System Details: Gain precise data on injector specifications, fuel system diagnostics, and maintenance procedures to keep your vehicle running smoothly.<br>\r\nOEM-Approved Information: Rely on up-to-date, manufacturer-sourced data covering a wide range of vehicle makes and models, including the latest hybrid and electric vehicle (EV) information.<br>\r\nAdditional Features: Benefit from service schedules, torque settings, technical drawings, and adjustment data (e.g., idle speed, NOx emissions). The cloud-based platform ensures accessibility on desktops, tablets, or smartphones, perfect for busy workshops or on-the-go repairs.<br>\r\nTrailer and Axle Information: Unique to HaynesPro, access specialized data for truck-trailer combinations, including axle maintenance and component identification, ensuring complete vehicle coverage.<br>\r\nWho Is It For?<\/p>\n<p>HaynesPro, g\u00fcvenilir ve ger\u00e7ek zamanl\u0131 teknik verilere ihtiya\u00e7 duyan otomotiv profesyonelleri, hobi ustalar\u0131 ve filo y\u00f6neticileri i\u00e7in tasarlanm\u0131\u015ft\u0131r. \u0130ster rutin bak\u0131m yap\u0131n, ister karma\u015f\u0131k elektrik ar\u0131zalar\u0131n\u0131 te\u015fhis edin veya a\u011f\u0131r hizmet ara\u00e7lar\u0131n\u0131 servis edin \u2014 HaynesPro s\u00fcreci kolayla\u015ft\u0131r\u0131r, zaman kazand\u0131r\u0131r ve hatalar\u0131 azalt\u0131r.<\/p>\n<p>Neden buna de\u011fer<\/p>\n<p>D\u00fczenli g\u00fcncellemeler ve kullan\u0131c\u0131 dostu aray\u00fcz\u00fc ile HaynesPro, 75 \u20ac kar\u015f\u0131l\u0131\u011f\u0131nda e\u015fsiz bir de\u011fer sunar. Vehicle Electronic Smart Assistant (VESA\u2122), elektronik sistem sorunlar\u0131 i\u00e7in sizi do\u011fru \u00e7\u00f6z\u00fcmlere y\u00f6nlendirerek te\u015fhisi geli\u015ftirir. Ar\u0131za kodlar\u0131ndan onar\u0131m s\u00fcrelerine kadar bu hepsi-bir-arada platform her i\u015fi g\u00fcvenle yapabilmenizi sa\u011flar.<\/p>\n<p>HaynesPro ile tamir becerilerinizi geli\u015ftirin \u2013 binek ara\u00e7lar, elektrikli ara\u00e7lar, kamyonlar ve r\u00f6mork bak\u0131m\u0131 i\u00e7in en kapsaml\u0131 kaynak.<\/p>\n<p>&nbsp;<\/p>\n<p data-start=\"156\" data-end=\"179\">\u26a0\ufe0f <strong data-start=\"159\" data-end=\"179\">IMPORTANT NOTICE<\/strong><\/p>\n<p data-start=\"181\" data-end=\"354\">Each purchased license is strictly bound to a single device (hardware ID).<br data-start=\"255\" data-end=\"258\" \/>If multiple licenses are purchased, each license must be activated on its own individual device.<\/p>\n<p data-start=\"356\" data-end=\"464\">By completing your purchase, you confirm that you understand and agree to the one-license-per-device policy.<\/p>","protected":false},"excerpt":{"rendered":"<p>HaynesPro otomobiller, kamyonlar ve r\u00f6morklar i\u00e7in \u2013 kapsaml\u0131 onar\u0131m ve bak\u0131m verileri.<\/p>\n<ul>\n<li>Motor \u00f6zellikleri ve te\u015fhisleri<\/li>\n<li>Ad\u0131m ad\u0131m onar\u0131m talimatlar\u0131<\/li>\n<li>Ayr\u0131nt\u0131l\u0131 elektrik \u015femalar\u0131<\/li>\n<li>Enjekt\u00f6r verileri ve bak\u0131m programlar\u0131<\/li>\n<li>OEM taraf\u0131ndan onaylanm\u0131\u015f teknik bilgiler<\/li>\n<\/ul>","protected":false},"featured_media":5220,"template":"","meta":{"_seopress_robots_primary_cat":"none","_seopress_titles_title":"HaynesPRO 1 year online subscription | XDIAG","_seopress_titles_desc":"HaynesPro: Automotive repair software for passenger cars, electrical cars, trucks, and trailers. Engine diagnostics, wiring diagrams, repair guides..","_seopress_robots_index":"","_kad_blocks_custom_css":"","_kad_blocks_head_custom_js":"","_kad_blocks_body_custom_js":"","_kad_blocks_footer_custom_js":"","_kad_post_transparent":"default","_kad_post_title":"","_kad_post_layout":"default","_kad_post_sidebar_id":"","_kad_post_content_style":"default","_kad_post_vertical_padding":"default","_kad_post_feature":"","_kad_post_feature_position":"","_kad_post_header":false,"_kad_post_footer":false,"iawp_total_views":9091},"product_cat":[22],"product_tag":[],"class_list":{"0":"post-3405","1":"product","2":"type-product","3":"status-publish","4":"has-post-thumbnail","6":"product_cat-subscriptions","8":"first","9":"instock","10":"featured","11":"sold-individually","12":"shipping-taxable","13":"purchasable","14":"product-type-variable","15":"has-default-attributes","16":"entry","17":"content-bg","18":"loop-entry"},"exclude_global_add_ons":[],"addons":[],"taxonomy_info":{"product_cat":[{"value":22,"label":"Xdiag subscriptions"}]},"featured_image_src_large":["https:\/\/xdiag.org\/wp-content\/uploads\/2025\/09\/Xdiag_haynes_1.jpeg",600,600,false],"author_info":[],"comment_info":"","_links":{"self":[{"href":"https:\/\/xdiag.org\/tr\/wp-json\/wp\/v2\/product\/3405","targetHints":{"allow":["GET"]}}],"collection":[{"href":"https:\/\/xdiag.org\/tr\/wp-json\/wp\/v2\/product"}],"about":[{"href":"https:\/\/xdiag.org\/tr\/wp-json\/wp\/v2\/types\/product"}],"wp:featuredmedia":[{"embeddable":true,"href":"https:\/\/xdiag.org\/tr\/wp-json\/wp\/v2\/media\/5220"}],"wp:attachment":[{"href":"https:\/\/xdiag.org\/tr\/wp-json\/wp\/v2\/media?parent=3405"}],"wp:term":[{"taxonomy":"product_cat","embeddable":true,"href":"https:\/\/xdiag.org\/tr\/wp-json\/wp\/v2\/product_cat?post=3405"},{"taxonomy":"product_tag","embeddable":true,"href":"https:\/\/xdiag.org\/tr\/wp-json\/wp\/v2\/product_tag?post=3405"}],"curies":[{"name":"wp","href":"https:\/\/api.w.org\/{rel}","templated":true}]}}