{"id":3793,"date":"2025-08-29T19:46:53","date_gmt":"2025-08-29T17:46:53","guid":{"rendered":"https:\/\/xdiag.org\/?post_type=product&#038;p=3793"},"modified":"2025-09-28T10:59:56","modified_gmt":"2025-09-28T08:59:56","slug":"launch-giii-x-prog-3-advanced-immobilizer-key-programmer","status":"publish","type":"product","link":"https:\/\/xdiag.org\/tr\/product\/launch-giii-x-prog-3-advanced-immobilizer-key-programmer\/","title":{"rendered":"Launch GIII X-PROG 3 \u2013 Geli\u015fmi\u015f Immobilizer ve Anahtar Programlay\u0131c\u0131"},"content":{"rendered":"<h1 data-start=\"407\" data-end=\"479\">X-PROG 3 GIII \u2013 Xdiag &amp; Launch i\u00e7in Geli\u015fmi\u015f IMMO ve Anahtar Programlay\u0131c\u0131<\/h1>\n<p data-start=\"481\" data-end=\"923\" class=\" translation-block\"><strong data-start=\"485\" data-end=\"502\">X-PROG 3 GIII<\/strong>, <strong data-start=\"587\" data-end=\"597\">Launch<\/strong> taraf\u0131ndan geli\u015ftirilen en yeni ve en geli\u015fmi\u015f immobilizer ve anahtar programlama cihaz\u0131d\u0131r; <strong data-start=\"621\" data-end=\"639\">Xdiag software<\/strong> ve <strong data-start=\"644\" data-end=\"672\">X-431 diagnostic tablets<\/strong> (PRO5, PAD V, PAD VII, V+, PRO3 APEX, PRO3S+ vb.) ile tamamen uyumludur.<br data-start=\"725\" data-end=\"728\">Anahtar \u00f6\u011frenme, h\u0131rs\u0131zl\u0131k \u00f6nleme i\u015flemleri, EEPROM\/MCU programlama ve ECU\/TCU klonlama i\u00e7in <strong data-start=\"764\" data-end=\"848\">tam bir \u00e7\u00f6z\u00fcm<\/strong> sunar ve her profesyonel otomotiv servisi i\u00e7in vazge\u00e7ilmez bir ara\u00e7t\u0131r.<\/p>\n<h2 data-start=\"930\" data-end=\"972\">\ud83d\udea9 X-PROG 3 GIII ile neler yapabilirsiniz<\/h2>\n<p data-start=\"974\" data-end=\"1618\">\ud83d\udd34 <strong data-start=\"977\" data-end=\"996\">Anahtar programlama<\/strong> \u2013 \u00c7ipli anahtarlar\u0131n, ak\u0131ll\u0131 anahtarlar\u0131n, uzaktan kumandal\u0131 anahtarlar\u0131n ve k\u0131z\u0131l\u00f6tesi anahtarlar\u0131n okuma, yazma ve e\u015fle\u015ftirilmesi (\u00f6rn. Mercedes-Benz).<br data-start=\"1097\" data-end=\"1100\" \/>\ud83d\udd34 <strong data-start=\"1103\" data-end=\"1127\">H\u0131rs\u0131zl\u0131k \u00f6nleme fonksiyonlar\u0131<\/strong> \u2013 Immobilizer tipinin belirlenmesi, PIN ve g\u00fcvenlik kodlar\u0131n\u0131n okunmas\u0131, IMMO\/ECU mod\u00fcllerinin s\u0131f\u0131rlanmas\u0131 ve de\u011fi\u015ftirilmesi.<br data-start=\"1219\" data-end=\"1222\" \/>\ud83d\udd34 <strong data-start=\"1225\" data-end=\"1247\">ECU\/TCU i\u015flemleri<\/strong> \u2013 Motor ve \u015fanz\u0131man kontrol \u00fcnitelerinin klonlanmas\u0131 veya de\u011fi\u015ftirilmesi (VW\/Audi MQB, BMW ISN, Mercedes, Toyota vb.) s\u00f6kme i\u015flemi olmadan.<br data-start=\"1367\" data-end=\"1370\" \/>\ud83d\udd34 <strong data-start=\"1373\" data-end=\"1397\">EEPROM ve MCU deste\u011fi<\/strong> \u2013 Geli\u015fmi\u015f onar\u0131mlar ve \u00e7ip seviyesi i\u015flemler i\u00e7in EEPROM ve MCU \u00e7iplerinin do\u011frudan okunmas\u0131\/yaz\u0131lmas\u0131.<br data-start=\"1487\" data-end=\"1490\" \/>\ud83d\udd34 <strong data-start=\"1493\" data-end=\"1515\">Geni\u015f uyumluluk<\/strong> \u2013 VW, Audi, \u0160koda, Seat, BMW, Mercedes-Benz, Toyota, Porsche, Renault, Nissan ve daha fazlas\u0131n\u0131 kapsar.<\/p>\n<h2 data-start=\"1625\" data-end=\"1647\">\ud83c\udf1f \u00d6ne \u00e7\u0131kan \u00f6zellikler<\/h2>\n<p data-start=\"1649\" data-end=\"2352\">\ud83d\udd34 <strong data-start=\"1652\" data-end=\"1671\">Hepsi bir arada ara\u00e7<\/strong> \u2013 Immobilizer, anahtar programlama, ECU\/TCU klonlama ve EEPROM\/MCU deste\u011fini tek bir cihazda birle\u015ftirir.<br data-start=\"1767\" data-end=\"1770\" \/>\ud83d\udd34 <strong data-start=\"1773\" data-end=\"1788\">Plug &amp; Play<\/strong> \u2013 Do\u011frudan birlikte \u00e7al\u0131\u015f\u0131r <strong data-start=\"1811\" data-end=\"1853\">Xdiag cihazlar\u0131 ve Launch X-431 tabletleri<\/strong> DBScar V veya Smartlink \u00fczerinden.<br data-start=\"1880\" data-end=\"1883\" \/>\ud83d\udd34 <strong data-start=\"1886\" data-end=\"1909\">Red Arrow aray\u00fcz\u00fc<\/strong> \u2013 Daha kolay bir i\u015f ak\u0131\u015f\u0131 i\u00e7in net, ad\u0131m ad\u0131m y\u00f6nlendirilen fonksiyonlar.<br data-start=\"1968\" data-end=\"1971\" \/>\ud83d\udd34 <strong data-start=\"1974\" data-end=\"1995\">\u00c7ip seviyesinde eri\u015fim<\/strong> \u2013 Derin seviye onar\u0131mlar i\u00e7in EEPROM\/MCU okuma ve yazma.<br data-start=\"2045\" data-end=\"2048\" \/>\ud83d\udd34 <strong data-start=\"2051\" data-end=\"2081\">Tahribats\u0131z i\u015flemler<\/strong> \u2013 \u00dcniteleri a\u00e7madan veya zarar vermeden ECU\/TCU veri i\u015flemleri.<br data-start=\"2140\" data-end=\"2143\" \/>\ud83d\udd34 <strong data-start=\"2146\" data-end=\"2166\">S\u00fcrekli g\u00fcncellemeler<\/strong> \u2013 D\u00fczenli yaz\u0131l\u0131m g\u00fcncellemeleri, desteklenen modelleri ve g\u00fcvenlik sistemlerini geni\u015fletir.<br data-start=\"2239\" data-end=\"2242\" \/>\ud83d\udd34 <strong data-start=\"2245\" data-end=\"2264\">Xdiag i\u00e7in optimize edilmi\u015ftir<\/strong> \u2013 Sorunsuz \u00e7al\u0131\u015fmas\u0131 i\u00e7in tamamen y\u00fcklenmi\u015f ve \u00f6nceden yap\u0131land\u0131r\u0131lm\u0131\u015ft\u0131r <strong data-start=\"2324\" data-end=\"2349\">Xdiag software &amp; apps<\/strong>.<\/p>\n<h2 data-start=\"2359\" data-end=\"2385\">\ud83d\udccb \u00d6zellik \ud83d\udccc Detaylar<\/h2>\n<div class=\"_tableContainer_1rjym_1\">\n<div class=\"group _tableWrapper_1rjym_13 flex w-fit flex-col-reverse\" tabindex=\"-1\">\n<table class=\"w-fit min-w-(--thread-content-width)\" data-start=\"2387\" data-end=\"3304\">\n<thead data-start=\"2387\" data-end=\"2427\">\n<tr data-start=\"2387\" data-end=\"2427\">\n<th data-start=\"2387\" data-end=\"2412\" data-col-size=\"sm\"><strong data-start=\"2389\" data-end=\"2400\">\u00d6zellik<\/strong><\/th>\n<th data-start=\"2412\" data-end=\"2427\" data-col-size=\"lg\"><strong data-start=\"2414\" data-end=\"2425\">Detaylar<\/strong><\/th>\n<\/tr>\n<\/thead>\n<tbody data-start=\"2470\" data-end=\"3304\">\n<tr data-start=\"2470\" data-end=\"2657\">\n<td data-start=\"2470\" data-end=\"2496\" data-col-size=\"sm\"><strong data-start=\"2472\" data-end=\"2495\">Desteklenen fonksiyonlar<\/strong><\/td>\n<td data-start=\"2496\" data-end=\"2657\" data-col-size=\"lg\">Anahtar programlama, ak\u0131ll\u0131 anahtar \u00f6\u011frenme, uzaktan kumanda e\u015fle\u015ftirme, k\u0131z\u0131l\u00f6tesi anahtar programlama, PIN\/h\u0131rs\u0131zl\u0131k \u00f6nleme kodu okuma, ECU\/TCU klonlama, EEPROM\/MCU okuma ve yazma<\/td>\n<\/tr>\n<tr data-start=\"2658\" data-end=\"2800\">\n<td data-start=\"2658\" data-end=\"2684\" data-col-size=\"sm\"><strong data-start=\"2660\" data-end=\"2679\">Desteklenen \u00e7ipler<\/strong><\/td>\n<td data-start=\"2684\" data-end=\"2800\" data-col-size=\"lg\">EEPROM, MCU, motor\/\u015fanz\u0131man ECU\u2019su, IMMO \u00e7ipleri (CAS4+, FEM\/BDC, MQB platformu, Mercedes IR keys, BMW ISN vb.)<\/td>\n<\/tr>\n<tr data-start=\"2801\" data-end=\"2856\">\n<td data-start=\"2801\" data-end=\"2827\" data-col-size=\"sm\"><strong data-start=\"2803\" data-end=\"2816\">Protokoller<\/strong><\/td>\n<td data-start=\"2827\" data-end=\"2856\" data-col-size=\"lg\">CAN, CAN FD, DOIP, K-Line<\/td>\n<\/tr>\n<tr data-start=\"2857\" data-end=\"3012\">\n<td data-start=\"2857\" data-end=\"2883\" data-col-size=\"sm\"><strong data-start=\"2859\" data-end=\"2873\">Ba\u011flant\u0131<\/strong><\/td>\n<td data-start=\"2883\" data-end=\"3012\" data-col-size=\"lg\" class=\" translation-block\"><strong data-start=\"2896\" data-end=\"2914\">Xdiag software<\/strong> ve <strong data-start=\"2917\" data-end=\"2941\">Launch X-431 tablets<\/strong> (PRO5, PAD V, PAD VII, V+, PRO3 APEX, PRO3S+) ile DBScar V\/Smartlink \u00fczerinden \u00e7al\u0131\u015f\u0131r<\/td>\n<\/tr>\n<tr data-start=\"3013\" data-end=\"3146\">\n<td data-start=\"3013\" data-end=\"3039\" data-col-size=\"sm\"><strong data-start=\"3015\" data-end=\"3035\">Ara\u00e7 kapsam\u0131<\/strong><\/td>\n<td data-start=\"3039\" data-end=\"3146\" data-col-size=\"lg\">VW, Audi, \u0160koda, Seat, BMW, Mercedes-Benz, Toyota, Porsche, Renault, Nissan ve daha bir\u00e7ok k\u00fcresel marka<\/td>\n<\/tr>\n<tr data-start=\"3147\" data-end=\"3218\">\n<td data-start=\"3147\" data-end=\"3173\" data-col-size=\"sm\"><strong data-start=\"3149\" data-end=\"3165\">G\u00fc\u00e7 kayna\u011f\u0131<\/strong><\/td>\n<td data-start=\"3173\" data-end=\"3218\" data-col-size=\"lg\">DC 12V (diagnostik cihaz ba\u011flant\u0131s\u0131 \u00fczerinden)<\/td>\n<\/tr>\n<tr data-start=\"3219\" data-end=\"3266\">\n<td data-start=\"3219\" data-end=\"3245\" data-col-size=\"sm\"><strong data-start=\"3221\" data-end=\"3235\">Boyutlar<\/strong><\/td>\n<td data-start=\"3245\" data-end=\"3266\" data-col-size=\"lg\">200 \u00d7 160 \u00d7 55 mm<\/td>\n<\/tr>\n<tr data-start=\"3267\" data-end=\"3304\">\n<td data-start=\"3267\" data-end=\"3293\" data-col-size=\"sm\"><strong data-start=\"3269\" data-end=\"3279\">A\u011f\u0131rl\u0131k<\/strong><\/td>\n<td data-start=\"3293\" data-end=\"3304\" data-col-size=\"lg\">~1.2 kg<\/td>\n<\/tr>\n<\/tbody>\n<\/table>\n<\/div>\n<\/div>\n<h2 data-start=\"3311\" data-end=\"3353\">X-PROG 3 GIII\u2019yi Xdiag i\u00e7in neden se\u00e7melisiniz?<\/h2>\n<p data-start=\"3355\" data-end=\"3697\">\u2714\ufe0f Specifically <strong data-start=\"3371\" data-end=\"3406\">flashed for Xdiag compatibility<\/strong>.<br data-start=\"3407\" data-end=\"3410\" \/>\u2714\ufe0f Designed for both <strong data-start=\"3431\" data-end=\"3472\">independent workshops and dealerships<\/strong>.<br data-start=\"3473\" data-end=\"3476\" \/>\u2714\ufe0f Saves time and reduces costs by enabling <strong data-start=\"3520\" data-end=\"3552\">non-destructive ECU\/TCU work<\/strong>.<br data-start=\"3553\" data-end=\"3556\" \/>\u2714\ufe0f Offers <strong data-start=\"3566\" data-end=\"3595\">constant software updates<\/strong> for future-proof support.<br data-start=\"3621\" data-end=\"3624\" \/>\u2714\ufe0f Red-themed design and UI matches <strong data-start=\"3660\" data-end=\"3694\">Xdiag\u2019s professional ecosystem<\/strong>.<\/p>\n<p data-start=\"3704\" data-end=\"3890\">\ud83d\udc49 Ideal for locksmiths, ECU programmers, tuning specialists, and all diagnostic professionals who need <strong data-start=\"3808\" data-end=\"3887\">one device to handle IMMO, key programming, cloning, and chip-level repairs<\/strong>.<\/p>\n<p>&nbsp;<\/p>\n<p>&nbsp;<\/p>\n<p>&nbsp;<\/p>","protected":false},"excerpt":{"rendered":"<p class=\" translation-block\">Launch <strong>X-PROG 3<\/strong>, <strong>X-diag<\/strong> te\u015fhis tabletleriyle uyumlu, anahtar programlama ve ECU\/TCU klonlama i\u00e7in hepsi-bir-arada bir ara\u00e7t\u0131r \u2014 geli\u015fmi\u015f \u00e7ip-seviyesi i\u015flemleri, immobilizer (h\u0131rs\u0131zl\u0131k \u00f6nleme) fonksiyonlar\u0131n\u0131 ve ECU s\u00f6kmeden anahtar de\u011fi\u015fimini destekler.<\/p>\n<p>&nbsp;<\/p>\n<p>&nbsp;<\/p>\n<p>&nbsp;<\/p>","protected":false},"featured_media":5184,"template":"","meta":{"_seopress_robots_primary_cat":"26","_seopress_titles_title":"Launch GIII X-PROG 3 \u2013 Advanced Immobilizer & Key Programmer","_seopress_titles_desc":"The Launch GIII X\u2011PROG\u202f3 is an all\u2011in\u2011one key\u2011programming and ECU\/TCU cloning tool compatible with X\u2011431 diagnostic tablets","_seopress_robots_index":"","_kad_blocks_custom_css":"","_kad_blocks_head_custom_js":"","_kad_blocks_body_custom_js":"","_kad_blocks_footer_custom_js":"","_kad_post_transparent":"default","_kad_post_title":"","_kad_post_layout":"default","_kad_post_sidebar_id":"","_kad_post_content_style":"default","_kad_post_vertical_padding":"default","_kad_post_feature":"","_kad_post_feature_position":"","_kad_post_header":false,"_kad_post_footer":false,"iawp_total_views":327},"product_cat":[25,26],"product_tag":[],"class_list":{"0":"post-3793","1":"product","2":"type-product","3":"status-publish","4":"has-post-thumbnail","6":"product_cat-adapters","7":"product_cat-xdiag","9":"first","10":"instock","11":"shipping-taxable","12":"purchasable","13":"product-type-simple","14":"entry","15":"content-bg","16":"loop-entry"},"exclude_global_add_ons":[],"addons":[],"taxonomy_info":{"product_cat":[{"value":25,"label":"Adapters"},{"value":26,"label":"xdiag"}]},"featured_image_src_large":["https:\/\/xdiag.org\/wp-content\/uploads\/2025\/09\/Xdiag_XPROG-_3_1.jpg",600,600,false],"author_info":[],"comment_info":"","_links":{"self":[{"href":"https:\/\/xdiag.org\/tr\/wp-json\/wp\/v2\/product\/3793","targetHints":{"allow":["GET"]}}],"collection":[{"href":"https:\/\/xdiag.org\/tr\/wp-json\/wp\/v2\/product"}],"about":[{"href":"https:\/\/xdiag.org\/tr\/wp-json\/wp\/v2\/types\/product"}],"wp:featuredmedia":[{"embeddable":true,"href":"https:\/\/xdiag.org\/tr\/wp-json\/wp\/v2\/media\/5184"}],"wp:attachment":[{"href":"https:\/\/xdiag.org\/tr\/wp-json\/wp\/v2\/media?parent=3793"}],"wp:term":[{"taxonomy":"product_cat","embeddable":true,"href":"https:\/\/xdiag.org\/tr\/wp-json\/wp\/v2\/product_cat?post=3793"},{"taxonomy":"product_tag","embeddable":true,"href":"https:\/\/xdiag.org\/tr\/wp-json\/wp\/v2\/product_tag?post=3793"}],"curies":[{"name":"wp","href":"https:\/\/api.w.org\/{rel}","templated":true}]}}