{"id":448,"date":"2023-10-03T08:29:24","date_gmt":"2023-10-03T06:29:24","guid":{"rendered":"http:\/\/xdiag.org\/?post_type=product&#038;p=448"},"modified":"2026-04-25T10:23:29","modified_gmt":"2026-04-25T08:23:29","slug":"thinkcar-thinkdiag-2-obd","status":"publish","type":"product","link":"https:\/\/xdiag.org\/tr\/product\/thinkcar-thinkdiag-2-obd\/","title":{"rendered":"THINKCAR ThinkDiag 2 CAN-FD \u00e7ift y\u00f6nl\u00fc OBD2 ar\u0131za tespit cihaz\u0131"},"content":{"rendered":"<p data-start=\"182\" data-end=\"510\" class=\" translation-block\">The <strong data-start=\"186\" data-end=\"201\">ThinkDiag 2<\/strong>, <strong data-start=\"306\" data-end=\"324\">Xdiag yaz\u0131l\u0131m\u0131<\/strong> ile sorunsuz uyumluluk i\u00e7in tasarlanm\u0131\u015f kompakt ancak g\u00fc\u00e7l\u00fc bir OBD2 Bluetooth te\u015fhis ba\u011flant\u0131 cihaz\u0131d\u0131r. <strong data-start=\"368\" data-end=\"378\">CAN-FD<\/strong> gibi modern protokollerin deste\u011fi, kararl\u0131 <strong data-start=\"387\" data-end=\"417\">Bluetooth 5.0 ba\u011flant\u0131s\u0131<\/strong> ve dayan\u0131kl\u0131 yap\u0131s\u0131 sayesinde ta\u015f\u0131nabilir bir tasar\u0131mda profesyonel seviye te\u015fhis sa\u011flar.<\/p>\n<p data-start=\"512\" data-end=\"1089\">\ud83d\udd34 <strong data-start=\"515\" data-end=\"539\">CAN-FD Uyumlulu\u011fu<\/strong> \u2013 Yeni nesil ara\u00e7lar i\u00e7in verimli veri ileti\u015fimini m\u00fcmk\u00fcn k\u0131lar.<br data-start=\"607\" data-end=\"610\" \/>\ud83d\udd34 <strong data-start=\"613\" data-end=\"640\">Bluetooth 5.0 \u00c7ift Mod<\/strong> \u2013 H\u0131zl\u0131, stabil ve g\u00fcvenilir kablosuz ba\u011flant\u0131 sa\u011flar.<br data-start=\"698\" data-end=\"701\" \/>\ud83d\udd34 <strong data-start=\"704\" data-end=\"729\">\u00c7ift G\u00f6sterge I\u015f\u0131klar\u0131<\/strong> \u2013 \u00c7ift tarafl\u0131 g\u00f6stergeler \u00e7al\u0131\u015fma s\u0131ras\u0131nda durumun net \u015fekilde g\u00f6r\u00fclmesini sa\u011flar.<br data-start=\"805\" data-end=\"808\" \/>\ud83d\udd34 <strong data-start=\"811\" data-end=\"839\">OBD2 Veri Kablosu Dahildir<\/strong> \u2013 0,65 m kablo, esnek ve pratik te\u015fhis kullan\u0131m\u0131na olanak tan\u0131r.<br data-start=\"900\" data-end=\"903\" \/>\ud83d\udd34 <strong data-start=\"906\" data-end=\"932\">Xdiag Sunucusuna \u00d6zel<\/strong> \u2013 Xdiag platformunda kararl\u0131 \u00e7al\u0131\u015fma i\u00e7in tamamen optimize edilmi\u015ftir.<br data-start=\"994\" data-end=\"997\" \/>\ud83d\udd34 <strong data-start=\"1000\" data-end=\"1019\">Dayan\u0131kl\u0131 G\u00f6vde<\/strong> \u2013 Uzun \u00f6m\u00fcrl\u00fc g\u00fcvenilirlik i\u00e7in ABS+PC malzeme ve TPU kau\u00e7uk k\u0131l\u0131f ile \u00fcretilmi\u015ftir.<\/p>\n<h3 data-start=\"1096\" data-end=\"1126\">Teknik \u00d6zellikler<\/h3>\n<ul data-start=\"1128\" data-end=\"1517\">\n<li data-start=\"1128\" data-end=\"1207\">\n<p data-start=\"1130\" data-end=\"1207\" class=\" translation-block\"><strong data-start=\"1130\" data-end=\"1155\">Sistem Uyumlulu\u011fu:<\/strong> Android cihazlar (7\u201313, Android 14 yaln\u0131zca 32-bit)<\/p>\n<\/li>\n<li data-start=\"1208\" data-end=\"1246\">\n<p data-start=\"1210\" data-end=\"1246\" class=\" translation-block\"><strong data-start=\"1210\" data-end=\"1224\">Bluetooth:<\/strong> 5.0 BLE ve \u00e7ift mod<\/p>\n<\/li>\n<li data-start=\"1247\" data-end=\"1281\">\n<p data-start=\"1249\" data-end=\"1281\" class=\" translation-block\"><strong data-start=\"1249\" data-end=\"1274\">Te\u015fhis Aray\u00fcz\u00fc:<\/strong> DB15<\/p>\n<\/li>\n<li data-start=\"1282\" data-end=\"1310\">\n<p data-start=\"1284\" data-end=\"1310\" class=\" translation-block\"><strong data-start=\"1284\" data-end=\"1304\">\u00c7al\u0131\u015fma Voltaj\u0131:<\/strong> 12V<\/p>\n<\/li>\n<li data-start=\"1311\" data-end=\"1353\">\n<p data-start=\"1313\" data-end=\"1353\" class=\" translation-block\"><strong data-start=\"1313\" data-end=\"1339\">\u00c7al\u0131\u015fma S\u0131cakl\u0131\u011f\u0131:<\/strong> -10 \u2103 ile 50 \u2103 aras\u0131<\/p>\n<\/li>\n<li data-start=\"1354\" data-end=\"1394\">\n<p data-start=\"1356\" data-end=\"1394\" class=\" translation-block\"><strong data-start=\"1356\" data-end=\"1380\">Depolama S\u0131cakl\u0131\u011f\u0131:<\/strong> -20 \u2103 ile 60 \u2103 aras\u0131<\/p>\n<\/li>\n<li data-start=\"1395\" data-end=\"1433\">\n<p data-start=\"1397\" data-end=\"1433\" class=\" translation-block\"><strong data-start=\"1397\" data-end=\"1412\">Boyutlar:<\/strong> 120,5 \u00d7 65 \u00d7 29 mm<\/p>\n<\/li>\n<li data-start=\"1434\" data-end=\"1468\">\n<p data-start=\"1436\" data-end=\"1468\" class=\" translation-block\"><strong data-start=\"1436\" data-end=\"1455\">G\u00f6vde Malzemesi:<\/strong> ABS+PC+TPU<\/p>\n<\/li>\n<li data-start=\"1469\" data-end=\"1517\">\n<p data-start=\"1471\" data-end=\"1517\" class=\" translation-block\"><strong data-start=\"1471\" data-end=\"1488\">Kablo Uzunlu\u011fu:<\/strong> 0,65 m OBD2 kablosu dahildir<\/p>\n<\/li>\n<\/ul>\n<p data-start=\"1524\" data-end=\"1768\">\u2705 <strong data-start=\"1526\" data-end=\"1539\">In short:<\/strong> The <strong data-start=\"1544\" data-end=\"1559\">ThinkDiag 2<\/strong> is an advanced OBD2 Bluetooth connector for <strong data-start=\"1604\" data-end=\"1619\">Xdiag users<\/strong>, delivering professional diagnostics, CAN-FD protocol support, and durable design \u2013 making it a reliable tool for workshops and enthusiasts alike.<\/p>","protected":false},"excerpt":{"rendered":"<p class=\" translation-block\">The <strong data-start=\"95\" data-end=\"110\">ThinkDiag 2<\/strong>, yeni nesil ara\u00e7lar i\u00e7in <strong data-start=\"181\" data-end=\"200\">CAN-FD protokol\u00fcn\u00fc<\/strong> destekleyen profesyonel bir OBD2 Bluetooth te\u015fhis ba\u011flant\u0131 cihaz\u0131d\u0131r. <strong data-start=\"235\" data-end=\"252\" data-is-only-node=\"\">Bluetooth 5.0<\/strong>, \u00e7ift tarafl\u0131 g\u00f6sterge \u0131\u015f\u0131klar\u0131 ve birlikte verilen OBD2 veri kablosu sayesinde kararl\u0131 performans sunar ve yaln\u0131zca <strong data-start=\"379\" data-end=\"395\">Xdiag sunucusu<\/strong> \u00fczerinde \u00e7al\u0131\u015f\u0131r.<\/p>","protected":false},"featured_media":5183,"template":"","meta":{"_seopress_robots_primary_cat":"21","_seopress_titles_title":"Elevate Your Diagnostic Capabilities - THINKDIAG2: CAN-FD","_seopress_titles_desc":"Elevate Your Diagnostic Experience with THINKDIAG 2, Featuring CAN-FD Protocol Support and Bluetooth 5.0, Exclusively Operating on the Xdiag Server.","_seopress_robots_index":"","_kad_blocks_custom_css":"","_kad_blocks_head_custom_js":"","_kad_blocks_body_custom_js":"","_kad_blocks_footer_custom_js":"","_kad_post_transparent":"default","_kad_post_title":"","_kad_post_layout":"default","_kad_post_sidebar_id":"","_kad_post_content_style":"default","_kad_post_vertical_padding":"default","_kad_post_feature":"","_kad_post_feature_position":"","_kad_post_header":false,"_kad_post_footer":false,"iawp_total_views":932},"product_cat":[21,26],"product_tag":[],"class_list":{"0":"post-448","1":"product","2":"type-product","3":"status-publish","4":"has-post-thumbnail","6":"product_cat-connectors","7":"product_cat-xdiag","8":"pa_pc-obd-connector-a","10":"first","11":"instock","12":"shipping-taxable","13":"purchasable","14":"product-type-simple","15":"entry","16":"content-bg","17":"loop-entry"},"exclude_global_add_ons":[],"addons":[],"taxonomy_info":{"product_cat":[{"value":21,"label":"Connectors"},{"value":26,"label":"xdiag"}],"pa_pc-obd-connector":[{"value":34,"label":"a"}]},"featured_image_src_large":["https:\/\/xdiag.org\/wp-content\/uploads\/2025\/09\/Xdiag_ThinkDiag_2_1.jpg",600,600,false],"author_info":[],"comment_info":"","_links":{"self":[{"href":"https:\/\/xdiag.org\/tr\/wp-json\/wp\/v2\/product\/448","targetHints":{"allow":["GET"]}}],"collection":[{"href":"https:\/\/xdiag.org\/tr\/wp-json\/wp\/v2\/product"}],"about":[{"href":"https:\/\/xdiag.org\/tr\/wp-json\/wp\/v2\/types\/product"}],"wp:featuredmedia":[{"embeddable":true,"href":"https:\/\/xdiag.org\/tr\/wp-json\/wp\/v2\/media\/5183"}],"wp:attachment":[{"href":"https:\/\/xdiag.org\/tr\/wp-json\/wp\/v2\/media?parent=448"}],"wp:term":[{"taxonomy":"product_cat","embeddable":true,"href":"https:\/\/xdiag.org\/tr\/wp-json\/wp\/v2\/product_cat?post=448"},{"taxonomy":"product_tag","embeddable":true,"href":"https:\/\/xdiag.org\/tr\/wp-json\/wp\/v2\/product_tag?post=448"}],"curies":[{"name":"wp","href":"https:\/\/api.w.org\/{rel}","templated":true}]}}