{"id":449,"date":"2023-10-03T08:30:03","date_gmt":"2023-10-03T06:30:03","guid":{"rendered":"http:\/\/xdiag.org\/?post_type=product&#038;p=449"},"modified":"2026-02-15T21:12:01","modified_gmt":"2026-02-15T20:12:01","slug":"kingbolen-ediag-plus-canfd-protocol-ecu-coding-and-diagnostic-tool","status":"publish","type":"product","link":"https:\/\/xdiag.org\/tr\/product\/kingbolen-ediag-plus-canfd-protocol-ecu-coding-and-diagnostic-tool\/","title":{"rendered":"KINGBOLEN Ediag Plus CANFD Protokoll\u00fc ECU Kodlama ve Diagnostik Arac\u0131"},"content":{"rendered":"<h1 data-start=\"167\" data-end=\"239\">Kingbolen Ediag Plus \u2013 Xdiag i\u00e7in kompakt Bluetooth OBD2 konnekt\u00f6r\u00fc<\/h1>\n<p data-start=\"241\" data-end=\"619\" class=\" translation-block\"><strong data-start=\"245\" data-end=\"269\">Kingbolen Ediag Plus<\/strong>, ThinkDiag 2\u2019nin g\u00fcvenilir bir klonu olarak geli\u015ftirilmi\u015f, profesyonel bir OBD2 Bluetooth te\u015fhis konnekt\u00f6r\u00fcd\u00fcr ve <strong data-start=\"401\" data-end=\"428\">Xdiag software platform<\/strong> ile tamamen uyumludur. \u00c7ift y\u00f6nl\u00fc kontrol, ECU kodlama, CAN-FD protokol deste\u011fi ve \u00e7oklu servis s\u0131f\u0131rlamalar\u0131 gibi geli\u015fmi\u015f \u00f6zellikler sunarak g\u00fc\u00e7l\u00fc ve ekonomik bir te\u015fhis \u00e7\u00f6z\u00fcm\u00fc sa\u011flar.<\/p>\n<h2 data-start=\"626\" data-end=\"652\">\ud83c\udf1f \u00dcr\u00fcn \u00d6ne \u00c7\u0131kanlar<\/h2>\n<p data-start=\"653\" data-end=\"1500\">\u2705 <strong data-start=\"655\" data-end=\"694\">Profesyonel OBD2 Bluetooth adapt\u00f6r\u00fc<\/strong> \u2013 Kompakt tasar\u0131m, her serviste kolay kullan\u0131m<br data-start=\"740\" data-end=\"743\" \/>\u2705 <strong data-start=\"745\" data-end=\"768\">Xdiag Uyumlulu\u011fu<\/strong> \u2013 Xdiag yaz\u0131l\u0131m\u0131 ile kullan\u0131m i\u00e7in tamamen test edilmi\u015f ve optimize edilmi\u015ftir<br data-start=\"825\" data-end=\"828\" \/>\u2705 <strong data-start=\"830\" data-end=\"851\">Kararl\u0131 ba\u011flant\u0131<\/strong> \u2013 H\u0131zl\u0131 ve g\u00fcvenilir ileti\u015fim i\u00e7in Bluetooth 5.0\/5.1 \u00e7ift mod<br data-start=\"917\" data-end=\"920\" \/>\u2705 <strong data-start=\"922\" data-end=\"940\">Dayan\u0131kl\u0131 g\u00f6vde<\/strong> \u2013 ABS+PC+TPU malzemeden \u00fcretilmi\u015ftir, g\u00f6sterge \u0131\u015f\u0131klar\u0131yla dayan\u0131kl\u0131d\u0131r<br data-start=\"1001\" data-end=\"1004\" \/>\u2705 <strong data-start=\"1006\" data-end=\"1024\">Kolay kullan\u0131m<\/strong> \u2013 Daha fazla esneklik i\u00e7in 0,65 m OBD2 kablosu i\u00e7erir<br data-start=\"1076\" data-end=\"1079\" \/>\u2705 <strong data-start=\"1081\" data-end=\"1099\">CAN-FD deste\u011fi<\/strong> \u2013 En yeni GM ara\u00e7lar\u0131 (2020+) ve yeni nesil platformlarla uyumludur<br data-start=\"1161\" data-end=\"1164\" \/>\u2705 <strong data-start=\"1166\" data-end=\"1188\">Geli\u015fmi\u015f fonksiyonlar<\/strong> \u2013 Ya\u011f s\u0131f\u0131rlama, DPF rejenerasyonu, enjekt\u00f6r kodlama, batarya e\u015fle\u015ftirme ve daha fazlas\u0131 (ara\u00e7 modeline ba\u011fl\u0131 olarak)<br data-start=\"1292\" data-end=\"1295\" \/>\u2705 <strong data-start=\"1297\" data-end=\"1336\">\u00c7ift y\u00f6nl\u00fc kontrol ve ECU kodlama<\/strong> \u2013 Aktif testler, adaptasyonlar ve mod\u00fcl kodlama i\u015flemlerini ger\u00e7ekle\u015ftirir<br data-start=\"1391\" data-end=\"1394\" \/>\u2705 <strong data-start=\"1396\" data-end=\"1413\">Geni\u015f kapsama<\/strong> \u2013 Xdiag paketleri ile binek ara\u00e7lar\u0131, elektrikli ara\u00e7lar\u0131, hibritleri ve a\u011f\u0131r hizmet ara\u00e7lar\u0131n\u0131 destekler<\/p>\n<h2 data-start=\"1507\" data-end=\"1539\">Teknik \u00d6zellikler<\/h2>\n<ul data-start=\"1540\" data-end=\"1794\">\n<li data-start=\"1540\" data-end=\"1583\">\n<p data-start=\"1542\" data-end=\"1583\">Ba\u011flant\u0131: Bluetooth 5.0\/5.1 \u00e7ift mod<\/p>\n<\/li>\n<li data-start=\"1584\" data-end=\"1640\">\n<p data-start=\"1586\" data-end=\"1640\">Desteklenen i\u015fletim sistemleri: Android 7\u201313, Android 14 (yaln\u0131zca 32-bit)<\/p>\n<\/li>\n<li data-start=\"1641\" data-end=\"1712\">\n<p data-start=\"1643\" data-end=\"1712\">Protokoller: ISO9141, KWP2000, J1850 VPW, J1850 PWM, CAN, UDS, CAN-FD<\/p>\n<\/li>\n<li data-start=\"1713\" data-end=\"1769\">\n<p data-start=\"1715\" data-end=\"1769\">G\u00f6vde malzemesi: LED g\u00f6stergeli ABS + PC + TPU<\/p>\n<\/li>\n<li data-start=\"1770\" data-end=\"1794\">\n<p data-start=\"1772\" data-end=\"1794\">Kablo uzunlu\u011fu: 0,65 m<\/p>\n<\/li>\n<\/ul>\n<h2 data-start=\"1801\" data-end=\"1825\">\u26a0\ufe0f \u00d6nemli uyar\u0131<\/h2>\n<p data-start=\"1826\" data-end=\"2000\">This connector does <strong data-start=\"1846\" data-end=\"1887\">not include Xdiag software or license<\/strong>.<br data-start=\"1888\" data-end=\"1891\" \/>\ud83d\udc49 You can choose and purchase your desired <strong data-start=\"1935\" data-end=\"1998\">Xdiag software package separately here: [<a href=\"https:\/\/xdiag.org\/xdiag-buy-subscription\/\">Buy Xdiag Package<\/a>]<\/strong><\/p>\n<h2 data-start=\"2007\" data-end=\"2031\">\ud83d\udce6 Paket i\u00e7eri\u011fi<\/h2>\n<p data-start=\"2032\" data-end=\"2129\">\u2714\ufe0f 1x Kingbolen Ediag Plus OBD2 Bluetooth konnekt\u00f6r\u00fc<br data-start=\"2083\" data-end=\"2086\" \/>\u2714\ufe0f 1x OBD2 Kablosu (0,65 m)<br data-start=\"2111\" data-end=\"2114\" \/>\u2714\ufe0f Kullan\u0131m k\u0131lavuzu<\/p>\n<h2 data-start=\"2136\" data-end=\"2176\">\ud83d\udca1 Neden Kingbolen Ediag Plus\u2019\u0131 Se\u00e7melisiniz?<\/h2>\n<ul data-start=\"2177\" data-end=\"2493\">\n<li data-start=\"2177\" data-end=\"2249\">\n<p data-start=\"2179\" data-end=\"2249\">ThinkDiag 2 klonu \u2013 ayn\u0131 i\u015flevsellik, daha uygun fiyatla<\/p>\n<\/li>\n<li data-start=\"2250\" data-end=\"2301\">\n<p data-start=\"2252\" data-end=\"2301\">G\u00f6nderimden \u00f6nce Xdiag yaz\u0131l\u0131m\u0131 ile 0 test edilmi\u015ftir<\/p>\n<\/li>\n<li data-start=\"2302\" data-end=\"2356\">\n<p data-start=\"2304\" data-end=\"2356\">CAN-FD deste\u011fine sahip profesyonel seviye te\u015fhis<\/p>\n<\/li>\n<li data-start=\"2357\" data-end=\"2439\">\n<p data-start=\"2359\" data-end=\"2439\">Xdiag \u00fczerinden otomobiller, elektrikli ara\u00e7lar, hibritler ve a\u011f\u0131r hizmet yaz\u0131l\u0131m paketleriyle uyumludur<\/p>\n<\/li>\n<li data-start=\"2440\" data-end=\"2493\">\n<p data-start=\"2442\" data-end=\"2493\">Kompakt, dayan\u0131kl\u0131 ve g\u00fcnl\u00fck servis kullan\u0131m\u0131 i\u00e7in haz\u0131r<\/p>\n<\/li>\n<\/ul>\n<p data-start=\"2500\" data-end=\"2725\">\u2705 In short, the <strong data-start=\"2516\" data-end=\"2540\">Kingbolen Ediag Plus<\/strong> is a cost-effective alternative to the ThinkDiag 2, offering full <strong data-start=\"2607\" data-end=\"2630\">Xdiag compatibility<\/strong>, stable Bluetooth performance, and advanced diagnostic features in a compact OBD2 connector.<\/p>","protected":false},"excerpt":{"rendered":"<p class=\" translation-block\"><strong data-start=\"141\" data-end=\"165\">Kingbolen Ediag Plus<\/strong>, <strong data-start=\"238\" data-end=\"256\">Xdiag software<\/strong> ile tam uyumlu, kompakt bir Bluetooth OBD2 te\u015fhis konnekt\u00f6r\u00fcd\u00fcr. CAN-FD deste\u011fi, \u00e7ift y\u00f6nl\u00fc kontrol, ECU kodlama ve bir\u00e7ok servis s\u0131f\u0131rlamas\u0131yla, uygun fiyatla profesyonel te\u015fhis kalitesi sunar. Xdiag ile stabilite ve g\u00fcvenilirlik a\u00e7\u0131s\u0131ndan test edilen bu konnekt\u00f6r, arabalar, elektrikli ara\u00e7lar, hibritler ve a\u011f\u0131r hizmet ara\u00e7lar\u0131 i\u00e7in idealdir.<\/p>","protected":false},"featured_media":5150,"template":"","meta":{"_seopress_robots_primary_cat":"21","_seopress_titles_title":"KINGBOLEN Ediag Plus OBD2 Advanced Diagnostics Scanner","_seopress_titles_desc":"KINGBOLEN Ediag Plus: A Distinctive Automotive OBD2 Scanner Providing Exclusive CAN-FD Protocol Compatibility and Post-2020 GM Vehicle Support.","_seopress_robots_index":"","_kad_blocks_custom_css":"","_kad_blocks_head_custom_js":"","_kad_blocks_body_custom_js":"","_kad_blocks_footer_custom_js":"","_kad_post_transparent":"default","_kad_post_title":"","_kad_post_layout":"default","_kad_post_sidebar_id":"","_kad_post_content_style":"default","_kad_post_vertical_padding":"default","_kad_post_feature":"","_kad_post_feature_position":"","_kad_post_header":false,"_kad_post_footer":false,"iawp_total_views":957},"product_cat":[21,26],"product_tag":[],"class_list":{"0":"post-449","1":"product","2":"type-product","3":"status-publish","4":"has-post-thumbnail","6":"product_cat-connectors","7":"product_cat-xdiag","9":"first","10":"instock","11":"shipping-taxable","12":"purchasable","13":"product-type-simple","14":"entry","15":"content-bg","16":"loop-entry"},"exclude_global_add_ons":[],"addons":[],"taxonomy_info":{"product_cat":[{"value":21,"label":"Connectors"},{"value":26,"label":"xdiag"}]},"featured_image_src_large":["https:\/\/xdiag.org\/wp-content\/uploads\/2025\/09\/Xdiag_Ediag_Plus_1.jpg",600,600,false],"author_info":[],"comment_info":"","_links":{"self":[{"href":"https:\/\/xdiag.org\/tr\/wp-json\/wp\/v2\/product\/449","targetHints":{"allow":["GET"]}}],"collection":[{"href":"https:\/\/xdiag.org\/tr\/wp-json\/wp\/v2\/product"}],"about":[{"href":"https:\/\/xdiag.org\/tr\/wp-json\/wp\/v2\/types\/product"}],"wp:featuredmedia":[{"embeddable":true,"href":"https:\/\/xdiag.org\/tr\/wp-json\/wp\/v2\/media\/5150"}],"wp:attachment":[{"href":"https:\/\/xdiag.org\/tr\/wp-json\/wp\/v2\/media?parent=449"}],"wp:term":[{"taxonomy":"product_cat","embeddable":true,"href":"https:\/\/xdiag.org\/tr\/wp-json\/wp\/v2\/product_cat?post=449"},{"taxonomy":"product_tag","embeddable":true,"href":"https:\/\/xdiag.org\/tr\/wp-json\/wp\/v2\/product_tag?post=449"}],"curies":[{"name":"wp","href":"https:\/\/api.w.org\/{rel}","templated":true}]}}