{"id":451,"date":"2023-10-03T08:31:19","date_gmt":"2023-10-03T06:31:19","guid":{"rendered":"http:\/\/xdiag.org\/?post_type=product&#038;p=451"},"modified":"2026-05-01T07:17:25","modified_gmt":"2026-05-01T05:17:25","slug":"launch-dbscar-vii-connector","status":"publish","type":"product","link":"https:\/\/xdiag.org\/tr\/product\/launch-dbscar-vii-connector\/","title":{"rendered":"Launch DBScar VII DBSCAR7 Bluetooth OBD2 Taray\u0131c\u0131, CAN FD ve DoIP protokollerini destekler, X431 i\u00e7in g\u00fc\u00e7l\u00fc t\u00fcm sistem te\u015fhisi"},"content":{"rendered":"<h1 data-start=\"166\" data-end=\"192\">\u00dcr\u00fcn a\u00e7\u0131klamas\u0131<\/h1>\n<p data-start=\"194\" data-end=\"464\" class=\" translation-block\"><strong data-start=\"198\" data-end=\"223\">DBScar VII (DBScar 7)<\/strong>, <strong data-start=\"285\" data-end=\"338\">yaln\u0131zca Xdiag yaz\u0131l\u0131m\u0131 ile uyumluluk i\u00e7in tasarlanm\u0131\u015f<\/strong> geli\u015fmi\u015f bir Bluetooth OBD2 te\u015fhis konnekt\u00f6r\u00fcd\u00fcr. Profesyonel te\u015fhis i\u00e7in h\u0131zl\u0131 ve stabil ileti\u015fim sa\u011flar; binek ve a\u011f\u0131r hizmet ara\u00e7lar\u0131n\u0131 destekler.<\/p>\n<h3 data-start=\"466\" data-end=\"486\">\u2705 Temel \u00f6zellikler<\/h3>\n<ul data-start=\"487\" data-end=\"988\">\n<li data-start=\"487\" data-end=\"590\">\n<p data-start=\"489\" data-end=\"590\"><strong data-start=\"489\" data-end=\"528\">Profesyonel OBD2 Bluetooth adapt\u00f6r\u00fc<\/strong> \u2013 Ara\u00e7 ile te\u015fhis cihaz\u0131 aras\u0131nda g\u00fcvenilir ba\u011flant\u0131<\/p>\n<\/li>\n<li data-start=\"591\" data-end=\"703\">\n<p data-start=\"593\" data-end=\"703\"><strong data-start=\"593\" data-end=\"618\">Android uyumlulu\u011fu<\/strong> \u2013 Android 7\u201313 ve Android 14 (32-bit sistemler) kullanan ak\u0131ll\u0131 telefonlar ve tabletleri destekler<\/p>\n<\/li>\n<li data-start=\"704\" data-end=\"791\">\n<p data-start=\"706\" data-end=\"791\"><strong data-start=\"706\" data-end=\"740\">Xdiag yaz\u0131l\u0131m\u0131 ile tamamen test edilmi\u015ftir<\/strong> \u2013 Orijinallik ve sorunsuz \u00e7al\u0131\u015fma a\u00e7\u0131s\u0131ndan do\u011frulanm\u0131\u015ft\u0131r<\/p>\n<\/li>\n<li data-start=\"792\" data-end=\"889\">\n<p data-start=\"794\" data-end=\"889\"><strong data-start=\"794\" data-end=\"823\">H\u0131zl\u0131 ve kararl\u0131 performans<\/strong> \u2013 Do\u011fru veri okuma, ECU eri\u015fimi ve servis s\u0131f\u0131rlamalar\u0131n\u0131 sa\u011flar<\/p>\n<\/li>\n<li data-start=\"890\" data-end=\"988\">\n<p data-start=\"892\" data-end=\"988\"><strong data-start=\"892\" data-end=\"921\">Modern protokolleri destekler<\/strong> \u2013 ISO9141, KWP2000, J1850 VPW, J1850 PWM, CAN, UDS, CAN-FD, DOIP<\/p>\n<\/li>\n<\/ul>\n<h3 data-start=\"990\" data-end=\"1015\">\u26a0\ufe0f \u00d6nemli uyar\u0131<\/h3>\n<p data-start=\"1016\" data-end=\"1190\">This connector <strong data-start=\"1031\" data-end=\"1077\">does not include Xdiag software or license<\/strong>.<br data-start=\"1078\" data-end=\"1081\" \/>\ud83d\udc49 You can choose and purchase your desired <strong data-start=\"1125\" data-end=\"1188\">Xdiag software package separately here: [<a href=\"https:\/\/xdiag.org\/xdiag-buy-subscription\/\">Buy Xdiag Package<\/a>]<\/strong><\/p>\n<h3 data-start=\"1192\" data-end=\"1231\">Neden DBScar VII (DBScar 7)\u2019yi Se\u00e7melisiniz?<\/h3>\n<ul data-start=\"1232\" data-end=\"1607\">\n<li data-start=\"1232\" data-end=\"1298\">\n<p data-start=\"1234\" data-end=\"1298\">0 orijinal donan\u0131m \u2013 tam \u00e7ip, klon yok, sahte yok<\/p>\n<\/li>\n<li data-start=\"1299\" data-end=\"1359\">\n<p data-start=\"1301\" data-end=\"1359\" class=\" translation-block\">Her bir \u00fcnite <strong data-start=\"1315\" data-end=\"1341\">g\u00f6nderimden \u00f6nce IO test cihazlar\u0131yla test edilir<\/strong><\/p>\n<\/li>\n<li data-start=\"1360\" data-end=\"1429\">\n<p data-start=\"1362\" data-end=\"1429\" class=\" translation-block\"><strong data-start=\"1362\" data-end=\"1399\">Profesyonel servis performans\u0131<\/strong> ile garantili g\u00fcvenilirlik<\/p>\n<\/li>\n<li data-start=\"1430\" data-end=\"1522\">\n<p data-start=\"1432\" data-end=\"1522\" class=\" translation-block\"><strong data-start=\"1448\" data-end=\"1520\">Xdiag binek ara\u00e7, elektrikli ara\u00e7, hibrit ve a\u011f\u0131r hizmet yaz\u0131l\u0131m paketleri<\/strong> ile uyumludur<\/p>\n<\/li>\n<li data-start=\"1523\" data-end=\"1607\">\n<p data-start=\"1525\" data-end=\"1607\" class=\" translation-block\"><strong data-start=\"1525\" data-end=\"1551\">Gelece\u011fe haz\u0131r protokoller<\/strong> \u2013 yeni nesil ara\u00e7lar i\u00e7in CAN FD ve DOIP deste\u011fi<\/p>\n<\/li>\n<\/ul>\n<h3 data-start=\"1609\" data-end=\"1634\">\ud83d\udce6 Paket i\u00e7eri\u011fi<\/h3>\n<ul data-start=\"1635\" data-end=\"1677\">\n<li data-start=\"1635\" data-end=\"1677\">\n<p data-start=\"1637\" data-end=\"1677\">1x DBScar VII Bluetooth OBD2 konnekt\u00f6r\u00fc<\/p>\n<\/li>\n<\/ul>\n<hr data-start=\"1679\" data-end=\"1682\" \/>\n<p data-start=\"1684\" data-end=\"1871\">\u2705 <strong data-start=\"1686\" data-end=\"1869\">In short, the DBScar VII is the trusted Bluetooth OBD2 connector for Xdiag software, offering professional diagnostics, modern protocol support, and reliable workshop performance.<\/strong><\/p>","protected":false},"excerpt":{"rendered":"<p class=\" translation-block\"><strong data-start=\"130\" data-end=\"172\">Genuine Original DBScar VII (DBScar 7)<\/strong>, 0 orijinallik ve g\u00fcvenilir performans sa\u011flamak i\u00e7in <strong data-start=\"247\" data-end=\"265\">Xdiag platform<\/strong> \u00fczerinde tamamen y\u00fcklenmi\u015f ve test edilmi\u015f bir Bluetooth OBD2 te\u015fhis konnekt\u00f6r\u00fcd\u00fcr. L\u00fctfen cihaz\u0131n \u00f6nceden y\u00fcklenmi\u015f yaz\u0131l\u0131m i\u00e7ermedi\u011fini unutmay\u0131n \u2013 <strong data-start=\"390\" data-end=\"445\" data-is-only-node=\"\">Xdiag yaz\u0131l\u0131m paketi ayr\u0131 olarak sat\u0131n al\u0131nmal\u0131d\u0131r<\/strong>.<\/p>","protected":false},"featured_media":5147,"template":"","meta":{"_seopress_robots_primary_cat":"21","_seopress_titles_title":"Original Launch DBScar VII (DBScar 7)","_seopress_titles_desc":"Cucial information about the Original Launch DBScar VII, a meticulously tested product ensuring authenticity and superior performance on the Xdiag platform.","_seopress_robots_index":"","_kad_blocks_custom_css":"","_kad_blocks_head_custom_js":"","_kad_blocks_body_custom_js":"","_kad_blocks_footer_custom_js":"","_kad_post_transparent":"default","_kad_post_title":"","_kad_post_layout":"default","_kad_post_sidebar_id":"","_kad_post_content_style":"default","_kad_post_vertical_padding":"default","_kad_post_feature":"","_kad_post_feature_position":"","_kad_post_header":false,"_kad_post_footer":false,"iawp_total_views":2577},"product_cat":[21,26],"product_tag":[],"class_list":{"0":"post-451","1":"product","2":"type-product","3":"status-publish","4":"has-post-thumbnail","6":"product_cat-connectors","7":"product_cat-xdiag","9":"first","10":"instock","11":"shipping-taxable","12":"purchasable","13":"product-type-simple","14":"entry","15":"content-bg","16":"loop-entry"},"exclude_global_add_ons":[],"addons":[],"taxonomy_info":{"product_cat":[{"value":21,"label":"Connectors"},{"value":26,"label":"xdiag"}]},"featured_image_src_large":["https:\/\/xdiag.org\/wp-content\/uploads\/2025\/09\/Xdiag_Dbscar_VII_1.jpg",600,600,false],"author_info":[],"comment_info":"","_links":{"self":[{"href":"https:\/\/xdiag.org\/tr\/wp-json\/wp\/v2\/product\/451","targetHints":{"allow":["GET"]}}],"collection":[{"href":"https:\/\/xdiag.org\/tr\/wp-json\/wp\/v2\/product"}],"about":[{"href":"https:\/\/xdiag.org\/tr\/wp-json\/wp\/v2\/types\/product"}],"wp:featuredmedia":[{"embeddable":true,"href":"https:\/\/xdiag.org\/tr\/wp-json\/wp\/v2\/media\/5147"}],"wp:attachment":[{"href":"https:\/\/xdiag.org\/tr\/wp-json\/wp\/v2\/media?parent=451"}],"wp:term":[{"taxonomy":"product_cat","embeddable":true,"href":"https:\/\/xdiag.org\/tr\/wp-json\/wp\/v2\/product_cat?post=451"},{"taxonomy":"product_tag","embeddable":true,"href":"https:\/\/xdiag.org\/tr\/wp-json\/wp\/v2\/product_tag?post=451"}],"curies":[{"name":"wp","href":"https:\/\/api.w.org\/{rel}","templated":true}]}}