{"id":5206,"date":"2025-09-28T13:17:16","date_gmt":"2025-09-28T11:17:16","guid":{"rendered":"https:\/\/xdiag.org\/?post_type=product&#038;p=5206"},"modified":"2025-10-11T11:18:34","modified_gmt":"2025-10-11T09:18:34","slug":"xdiag-pro-diagnostic-set-thinkdiag-2","status":"publish","type":"product","link":"https:\/\/xdiag.org\/tr\/product\/xdiag-pro-diagnostic-set-thinkdiag-2\/","title":{"rendered":"Xdiag ThinkDiag 2 Tan\u0131 Seti"},"content":{"rendered":"<p data-start=\"325\" data-end=\"561\" class=\" translation-block\"><strong data-start=\"325\" data-end=\"377\">Xdiag Diagnostic Set ThinkDiag 2\u2019yi Tan\u0131t\u0131yoruz<\/strong> \u2013 uygun fiyatla g\u00fcvenilirlik, geni\u015f ara\u00e7 kapsam\u0131 ve g\u00fc\u00e7l\u00fc fonksiyonlar talep eden at\u00f6lyeler, ustalar ve ileri seviye kullan\u0131c\u0131lar i\u00e7in geli\u015ftirilmi\u015f profesyonel bir otomotiv te\u015fhis kitidir.<\/p>\n<p data-start=\"563\" data-end=\"868\" class=\" translation-block\">Bu set, <strong data-start=\"585\" data-end=\"625\">ThinkDiag 2 OBD2 Bluetooth connector<\/strong> ile birlikte <strong data-start=\"643\" data-end=\"722\">dayan\u0131kl\u0131 koruyucu kasa i\u00e7inde 8 in\u00e7 Android tablet (4GB RAM \/ 64GB depolama)<\/strong> i\u00e7erir. Set <strong data-start=\"739\" data-end=\"795\">Xdiag platformunda tamamen \u00f6nceden yap\u0131land\u0131r\u0131lm\u0131\u015f ve test edilmi\u015ftir<\/strong> ve kutudan \u00e7\u0131kar \u00e7\u0131kmaz profesyonel te\u015fhis i\u00e7in haz\u0131rd\u0131r.<\/p>\n<h2 data-start=\"875\" data-end=\"924\">\u00a0ThinkDiag 2 Ba\u011flant\u0131 Cihaz\u0131n\u0131n Temel \u00d6zellikleri<\/h2>\n<p data-start=\"925\" data-end=\"1667\">\u26ab <strong data-start=\"927\" data-end=\"966\">Profesyonel OBD2 Bluetooth adapt\u00f6r\u00fc<\/strong> \u2013 Fast and stable wireless connection for efficient diagnostics.<br data-start=\"1031\" data-end=\"1034\" \/>\ud83d\udd34 <strong data-start=\"1037\" data-end=\"1057\">Protocol Support<\/strong> \u2013 Full support for ISO9141, KWP2000, J1850 VPW, J1850 PWM, CAN, UDS, and CAN-FD, ensuring compatibility with the latest vehicles.<br data-start=\"1187\" data-end=\"1190\" \/>\u26ab <strong data-start=\"1192\" data-end=\"1228\">Geli\u015fmi\u015f servis fonksiyonlar\u0131 (40+)<\/strong> \u2013 Oil reset, DPF regeneration, injector coding, key programming, BMS reset, TPMS functions, SAS calibration, and more.<br data-start=\"1347\" data-end=\"1350\" \/>\ud83d\udd34 <strong data-start=\"1353\" data-end=\"1376\">ECU-Level Functions<\/strong> \u2013 Bi-directional testing, ECU coding &amp; adaptation, Auto VIN recognition, and full health reports.<br data-start=\"1474\" data-end=\"1477\" \/>\u26ab <strong data-start=\"1479\" data-end=\"1496\">Durable Build<\/strong> \u2013 ABS+PC+TPU housing with dual indicator lights for reliability and long-term use.<br data-start=\"1579\" data-end=\"1582\" \/>\n<\/p>\n<h2 data-start=\"1674\" data-end=\"1703\">\u00a0Tablet \u00f6zellikleri<\/h2>\n<p data-start=\"1704\" data-end=\"2125\">\u26ab <strong data-start=\"1706\" data-end=\"1739\">8-Inch High-Resolution Screen<\/strong> \u2013 Clear and bright, perfect for workshop use.<br data-start=\"1785\" data-end=\"1788\" \/>\ud83d\udd34 <strong data-start=\"1791\" data-end=\"1815\">Performance Hardware<\/strong> \u2013 4GB RAM \/ 64GB storage for smooth and fast operation.<br data-start=\"1871\" data-end=\"1874\" \/>\u26ab <strong data-start=\"1876\" data-end=\"1899\">Optimized for Xdiag<\/strong> \u2013 Pre-installed and configured for maximum compatibility.<br data-start=\"1957\" data-end=\"1960\" \/>\ud83d\udd34 <strong data-start=\"1963\" data-end=\"1982\">Protective Case<\/strong> \u2013 Rugged cover for durability in demanding environments.<br data-start=\"2039\" data-end=\"2042\" \/>\u26ab <strong data-start=\"2044\" data-end=\"2069\">Extended Battery Life<\/strong> \u2013 Designed to last through a full day of diagnostics.<\/p>\n<h2 data-start=\"2132\" data-end=\"2156\">Ara\u00e7 kapsam\u0131<\/h2>\n<p data-start=\"2158\" data-end=\"2667\">\u26ab <strong data-start=\"2160\" data-end=\"2191\">Passenger Cars &amp; EV\/Hybrids<\/strong> \u2013 Wide coverage of global brands including:<br data-start=\"2235\" data-end=\"2238\" \/>VW, Audi, BMW, Mercedes-Benz, \u0160koda, Seat, Porsche, Opel, Peugeot, Citro\u00ebn, Renault, Fiat, Alfa Romeo, Volvo, Saab, Ford, GM, Chrysler, Dodge, Jeep, Tesla, Toyota, Lexus, Honda, Acura, Nissan, Infiniti, Hyundai, Kia, Mazda, Mitsubishi, Subaru, Suzuki, Daihatsu, Land Rover, Jaguar, Bentley, Rolls Royce, Aston Martin, Bugatti, Maserati, Ferrari, Lamborghini, Great Wall, Geely, BYD, Chery, Dongfeng, Foton, Haval and many more.<\/p>\n<p data-start=\"2669\" data-end=\"2751\">\ud83d\udd34 <strong data-start=\"2672\" data-end=\"2696\">IMMO &amp; Key Functions<\/strong> \u2013 Immobilizer support with advanced key programming.<\/p>\n<p data-start=\"2753\" data-end=\"3213\">\u26ab <strong data-start=\"2755\" data-end=\"2813\">Optional Heavy-Duty License (Trucks, Buses, Machinery)<\/strong> \u2013 Extends support to commercial and industrial vehicles, including:<br data-start=\"2881\" data-end=\"2884\" \/>Volvo Trucks, Mercedes-Benz Trucks, MAN, DAF, Iveco, Renault Trucks, Scania, Ford Trucks, Hino, Isuzu, Fuso, UD Trucks, Kamaz, MAZ, Sinotruk, Shaanxi, Foton Auman, Dongfeng Trucks, Yutong, King Long, Setra, Neoplan, plus agricultural and construction machinery such as Caterpillar, John Deere, Komatsu, JCB, Liebherr, and more.<\/p>\n<p data-start=\"3215\" data-end=\"3373\">\ud83d\udd34 <strong data-start=\"3218\" data-end=\"3236\">Important Note<\/strong> \u2013 For heavy trucks (24V systems), a <a href=\"https:\/\/xdiag.org\/product\/xdiag-x431-adapter-obd2-connector\/\"><strong data-start=\"3273\" data-end=\"3303\">24V to 12V power converter<\/strong><\/a> is required to protect the OBD interface (which operates at 9\u201318V).<\/p>\n<h2 data-start=\"3380\" data-end=\"3407\">Lisans Bilgileri<\/h2>\n<p data-start=\"3408\" data-end=\"3598\">\u26ab This diagnostic kit includes a valid <strong data-start=\"3447\" data-end=\"3495\">Xdiag license for Passenger Cars + EV + IMMO<\/strong>.<br data-start=\"3496\" data-end=\"3499\" \/>\ud83d\udd34 <a href=\"https:\/\/xdiag.org\/product\/xdiag-1-year-subscription-for-all-connectors-cars\/\">Additional licenses (Trucks, Tractors, Motorcycles, Heavy Equipment) are available separately.<\/a><\/p>\n<h2 data-start=\"3605\" data-end=\"3649\">\u2705 Neden Xdiag ThinkDiag 2 Setini Se\u00e7melisiniz?<\/h2>\n<p data-start=\"3650\" data-end=\"3990\">\ud83d\udd34 Original ThinkDiag 2 hardware with full Xdiag compatibility<br data-start=\"3712\" data-end=\"3715\" \/>\u26ab Includes pre-tested, pre-configured Android tablet for instant use<br data-start=\"3783\" data-end=\"3786\" \/>\ud83d\udd34 Supports the latest protocols including CAN-FD and UDS<br data-start=\"3843\" data-end=\"3846\" \/>\u26ab Global brand coverage with constant updates<br data-start=\"3891\" data-end=\"3894\" \/>\ud83d\udd34 Professional-level diagnostics at a competitive price \u2013 ideal for workshops and enthusiasts<\/p>\n<h2 data-start=\"102\" data-end=\"121\">Paket i\u00e7eri\u011fi<\/h2>\n<p data-start=\"122\" data-end=\"454\">\ud83d\udd34 8&#8243; Android diagnostic tablet (4GB RAM \/ 64GB storage)<br data-start=\"178\" data-end=\"181\" \/>\u26ab Shock-resistant protective case (pre-installed)<br data-start=\"230\" data-end=\"233\" \/>\ud83d\udd34 ThinkDiag 2 Bluetooth OBD2 connector<br data-start=\"272\" data-end=\"275\" \/>\u26ab\u00a0Xdiag license: Passenger Cars + EV + IMMO (12 months updates)<br data-start=\"380\" data-end=\"383\" \/>\ud83d\udd34USB charger and cable<br data-start=\"406\" data-end=\"409\" \/>\u26ab Rugged carrying case<br data-start=\"432\" data-end=\"435\" \/>\ud83d\udd34 Quick-start guide<\/p>\n<h2 data-start=\"456\" data-end=\"475\">\u0130ste\u011fe ba\u011fl\u0131 eklentiler<\/h2>\n<p data-start=\"476\" data-end=\"698\">\ud83d\udd34 Heavy-Duty (Trucks\/Buses), Tractors, Motorcycles, Construction licenses (sold separately)<br data-start=\"568\" data-end=\"571\" \/>\u26ab For 24V vehicles (trucks\/machinery) a <strong data-start=\"611\" data-end=\"640\">24V \u2192 12V power converter<\/strong> is required to protect the OBD interface (works at 9\u201318V)<\/p>","protected":false},"excerpt":{"rendered":"<p class=\" translation-block\"><strong data-start=\"4023\" data-end=\"4059\">Xdiag Diagnostic Set ThinkDiag 2<\/strong> \u2013 ThinkDiag 2 Bluetooth OBD2 ba\u011flant\u0131 cihaz\u0131, 8 in\u00e7 tablet ve binek ara\u00e7lar + EV + IMMO i\u00e7in Xdiag lisans\u0131 i\u00e7eren profesyonel te\u015fhis seti. Geli\u015fmi\u015f servis fonksiyonlar\u0131n\u0131 (40+), ECU kodlamay\u0131, \u00e7ift y\u00f6nl\u00fc testleri ve kamyonlar, trakt\u00f6rler, motosikletler ile a\u011f\u0131r i\u015f makineleri i\u00e7in iste\u011fe ba\u011fl\u0131 geni\u015fletmeleri destekler.<\/p>","protected":false},"featured_media":5202,"template":"","meta":{"_seopress_robots_primary_cat":"26","_seopress_titles_title":"Xdiag ThinkDiag 2 Diagnostic Set \u2013 Tablet + OBD2 Connector","_seopress_titles_desc":"Xdiag ThinkDiag 2 set with 8\" tablet, OBD2 connector & license for Passenger Cars + EV + IMMO. Expandable with Truck, Tractor & Motorcycle support.","_seopress_robots_index":"","_kad_blocks_custom_css":"","_kad_blocks_head_custom_js":"","_kad_blocks_body_custom_js":"","_kad_blocks_footer_custom_js":"","_kad_post_transparent":"default","_kad_post_title":"","_kad_post_layout":"default","_kad_post_sidebar_id":"","_kad_post_content_style":"default","_kad_post_vertical_padding":"default","_kad_post_feature":"","_kad_post_feature_position":"","_kad_post_header":false,"_kad_post_footer":false,"iawp_total_views":668},"product_cat":[23,26],"product_tag":[],"class_list":{"0":"post-5206","1":"product","2":"type-product","3":"status-publish","4":"has-post-thumbnail","6":"product_cat-diagnostics","7":"product_cat-xdiag","9":"first","10":"instock","11":"sale","12":"shipping-taxable","13":"purchasable","14":"product-type-simple","15":"entry","16":"content-bg","17":"loop-entry"},"exclude_global_add_ons":[],"addons":[],"taxonomy_info":{"product_cat":[{"value":23,"label":"Diagnostics full set"},{"value":26,"label":"xdiag"}]},"featured_image_src_large":["https:\/\/xdiag.org\/wp-content\/uploads\/2025\/09\/Xdiag_Thinkdiag2_kofer.jpeg",600,600,false],"author_info":[],"comment_info":"","_links":{"self":[{"href":"https:\/\/xdiag.org\/tr\/wp-json\/wp\/v2\/product\/5206","targetHints":{"allow":["GET"]}}],"collection":[{"href":"https:\/\/xdiag.org\/tr\/wp-json\/wp\/v2\/product"}],"about":[{"href":"https:\/\/xdiag.org\/tr\/wp-json\/wp\/v2\/types\/product"}],"wp:featuredmedia":[{"embeddable":true,"href":"https:\/\/xdiag.org\/tr\/wp-json\/wp\/v2\/media\/5202"}],"wp:attachment":[{"href":"https:\/\/xdiag.org\/tr\/wp-json\/wp\/v2\/media?parent=5206"}],"wp:term":[{"taxonomy":"product_cat","embeddable":true,"href":"https:\/\/xdiag.org\/tr\/wp-json\/wp\/v2\/product_cat?post=5206"},{"taxonomy":"product_tag","embeddable":true,"href":"https:\/\/xdiag.org\/tr\/wp-json\/wp\/v2\/product_tag?post=5206"}],"curies":[{"name":"wp","href":"https:\/\/api.w.org\/{rel}","templated":true}]}}