{"id":5229,"date":"2025-09-28T18:22:18","date_gmt":"2025-09-28T16:22:18","guid":{"rendered":"https:\/\/xdiag.org\/?post_type=product&#038;p=5229"},"modified":"2025-11-15T18:03:51","modified_gmt":"2025-11-15T17:03:51","slug":"launch-obd2can-fd-cable-16-pin-male-to-female-adapter","status":"publish","type":"product","link":"https:\/\/xdiag.org\/tr\/product\/launch-obd2can-fd-cable-16-pin-male-to-female-adapter\/","title":{"rendered":"Xdiag Pro CAN-FD OBD2 uzatma kablosu"},"content":{"rendered":"<p data-start=\"188\" data-end=\"562\" class=\" translation-block\"><strong data-start=\"223\" data-end=\"264\">Xdiag Pro CAN-FD OBD2 Extension Cable<\/strong> \u00fcr\u00fcn\u00fcne g\u00f6sterdi\u011finiz ilgi i\u00e7in te\u015fekk\u00fcr ederiz.<br data-start=\"265\" data-end=\"268\">Bu y\u00fcksek kaliteli uzatma kablosu, te\u015fhis aray\u00fcz\u00fcn\u00fcz (\u00f6rn. <strong data-start=\"379\" data-end=\"408\">DBScar, ThinkDiag, Ediag+<\/strong>) ile arac\u0131n OBD2 portu aras\u0131ndaki ba\u011flant\u0131y\u0131 uzatmak i\u00e7in tasarlanm\u0131\u015ft\u0131r. Daha fazla esneklik sunar, dar alanlarda daha kolay eri\u015fim sa\u011flar ve orijinal OBD2 soketini s\u0131k kullan\u0131mdan kaynaklanan a\u015f\u0131nmaya kar\u015f\u0131 korur.<\/p>\n<p data-start=\"564\" data-end=\"705\">\ud83d\udd34 <strong data-start=\"567\" data-end=\"587\">\u00d6nemli uyar\u0131<\/strong><br data-start=\"587\" data-end=\"590\" \/>This product is an accessory only.<br data-start=\"624\" data-end=\"627\" \/>It does <strong data-start=\"635\" data-end=\"642\">not<\/strong> include software or provide diagnostic functions on its own.<\/p>\n<p data-start=\"707\" data-end=\"892\">\u26ab <strong data-start=\"709\" data-end=\"731\">Support &amp; Guidance<\/strong><br data-start=\"731\" data-end=\"734\" \/>Need help connecting your diagnostic tool with the extension cable?<br data-start=\"801\" data-end=\"804\" \/>Our team can provide full guidance to ensure proper installation and best performance.<\/p>\n<p data-start=\"894\" data-end=\"1086\">\u26ab <strong data-start=\"896\" data-end=\"917\">Quality Assurance<\/strong><br data-start=\"917\" data-end=\"920\" \/>Each cable is tested before shipping to guarantee reliable data transfer across all 16 pins, ensuring stable communication for both <strong data-start=\"1052\" data-end=\"1071\">OBD2 and CAN-FD<\/strong> diagnostics.<\/p>\n<h2 data-start=\"1093\" data-end=\"1122\">CAN-FD Protokol\u00fc nedir?<\/h2>\n<p data-start=\"1124\" data-end=\"1435\">\ud83d\udd34 <strong data-start=\"1127\" data-end=\"1184\">CAN-FD (Controller Area Network \u2013 Flexible Data Rate)<\/strong> is an upgraded automotive communication protocol, developed to meet the demands of modern vehicles. Unlike traditional CAN, which is limited to 8 bytes per frame, <strong data-start=\"1348\" data-end=\"1382\">CAN-FD supports up to 64 bytes<\/strong>, enabling faster and more efficient data transfer.<\/p>\n<p data-start=\"1437\" data-end=\"1469\">\u26ab Bu da onu \u015fu alanlar i\u00e7in vazge\u00e7ilmez k\u0131lar:<\/p>\n<ul data-start=\"1470\" data-end=\"1709\">\n<li data-start=\"1470\" data-end=\"1542\">\n<p data-start=\"1472\" data-end=\"1542\" class=\" translation-block\"><strong data-start=\"1472\" data-end=\"1499\">Yeni nesil ara\u00e7lar<\/strong> (2020 sonras\u0131, \u00f6rn. GM, VW, BMW, Mercedes).<\/p>\n<\/li>\n<li data-start=\"1543\" data-end=\"1624\">\n<p data-start=\"1545\" data-end=\"1624\" class=\" translation-block\"><strong data-start=\"1545\" data-end=\"1571\">Geli\u015fmi\u015f kontrol \u00fcniteleri<\/strong> (ADAS, EV batarya y\u00f6netimi ve modern ECU\u2019lar gibi).<\/p>\n<\/li>\n<li data-start=\"1625\" data-end=\"1709\">\n<p data-start=\"1627\" data-end=\"1709\" class=\" translation-block\"><strong data-start=\"1627\" data-end=\"1656\">Servisler ve teknisyenler<\/strong>, daha derin ve daha h\u0131zl\u0131 te\u015fhis verilerine eri\u015fime ihtiya\u00e7 duyanlar i\u00e7in.<\/p>\n<\/li>\n<\/ul>\n<p data-start=\"1711\" data-end=\"1835\" class=\" translation-block\">CAN-FD deste\u011fi sayesinde te\u015fhis cihaz\u0131n\u0131z <strong data-start=\"1763\" data-end=\"1779\">gelece\u011fe haz\u0131r<\/strong> kal\u0131r ve en yeni ile yakla\u015fan ara\u00e7 platformlar\u0131 i\u00e7in haz\u0131rd\u0131r.<\/p>\n<h2 data-start=\"1842\" data-end=\"1863\">\u00dcr\u00fcn \u00d6zellikleri<\/h2>\n<p data-start=\"1865\" data-end=\"2213\">\ud83d\udd34 <strong data-start=\"1868\" data-end=\"1914\">16-pin OBD2 male-to-female extension cable<\/strong><br data-start=\"1914\" data-end=\"1917\" \/>\u26ab <strong data-start=\"1919\" data-end=\"1964\">Supports standard OBD2 &amp; CAN-FD protocols<\/strong><br data-start=\"1964\" data-end=\"1967\" \/>\ud83d\udd34 <strong data-start=\"1970\" data-end=\"2018\">Flexible and durable design \u2013 workshop ready<\/strong><br data-start=\"2018\" data-end=\"2021\" \/>\u26ab <strong data-start=\"2023\" data-end=\"2068\">Reduces wear on the vehicle\u2019s OBD2 socket<\/strong><br data-start=\"2068\" data-end=\"2071\" \/>\ud83d\udd34 <strong data-start=\"2074\" data-end=\"2134\">Provides easier access to hard-to-reach diagnostic ports<\/strong><br data-start=\"2134\" data-end=\"2137\" \/>\u26ab <strong data-start=\"2139\" data-end=\"2211\">Ideal for Bluetooth OBD2 adapters \u2013 improves placement and stability<\/strong><\/p>\n<h2 data-start=\"2220\" data-end=\"2251\">\u00a0Paket i\u00e7eri\u011fi<\/h2>\n<p data-start=\"2253\" data-end=\"2302\">\u26ab 1 \u00d7 <strong data-start=\"2259\" data-end=\"2300\">Xdiag Pro CAN-FD OBD2 uzatma kablosu<\/strong><\/p>\n<hr data-start=\"2304\" data-end=\"2307\" \/>\n<p data-start=\"2309\" data-end=\"2598\">\u2705 <strong data-start=\"2311\" data-end=\"2596\">In short, the Xdiag Pro CAN-FD OBD2 Extension Cable is a practical and reliable accessory for professional or personal diagnostics. With CAN-FD support, it ensures future-proof compatibility, stable communication, extended connector life, and a more convenient diagnostic workflow.<\/strong><\/p>","protected":false},"excerpt":{"rendered":"<p class=\" translation-block\">The <strong data-start=\"542\" data-end=\"583\">Xdiag Pro CAN-FD OBD2 Extension Cable<\/strong> OBD2 portunu uzat\u0131r, <strong data-start=\"617\" data-end=\"653\">standard OBD2 &amp; CAN-FD protocols<\/strong> deste\u011fi sunar ve ara\u00e7 soketindeki a\u015f\u0131nmay\u0131 azalt\u0131r. <strong data-start=\"720\" data-end=\"753\">DBScar, ThinkDiag, and Ediag+<\/strong> ile kullan\u0131m i\u00e7in tasarlanm\u0131\u015ft\u0131r; g\u00fcvenilir ileti\u015fim, dar alanlarda daha kolay eri\u015fim ve modern ara\u00e7larla gelece\u011fe haz\u0131r uyumluluk sa\u011flar.<\/p>\n<p>&nbsp;<\/p>","protected":false},"featured_media":5172,"template":"","meta":{"_seopress_robots_primary_cat":"24","_seopress_titles_title":"Xdiag Pro CAN-FD OBD2 Extension Cable \u2013 16-Pin Male to Female Adapter for OBD2 & CAN-FD Diagnostics","_seopress_titles_desc":"Buy the Xdiag Pro CAN-FD OBD2 Extension Cable \u2013 16-pin male-to-female adapter for OBD2 and CAN-FD diagnostics. Durable, flexible, and future-proof. Protects your OBD2 port and ensures stable communication with DBScar, ThinkDiag, Ediag+ and other devices.","_seopress_robots_index":"","_kad_blocks_custom_css":"","_kad_blocks_head_custom_js":"","_kad_blocks_body_custom_js":"","_kad_blocks_footer_custom_js":"","_kad_post_transparent":"default","_kad_post_title":"","_kad_post_layout":"default","_kad_post_sidebar_id":"","_kad_post_content_style":"default","_kad_post_vertical_padding":"default","_kad_post_feature":"","_kad_post_feature_position":"","_kad_post_header":false,"_kad_post_footer":false,"iawp_total_views":134},"product_cat":[24,26],"product_tag":[38,40,39,42,41],"class_list":{"0":"post-5229","1":"product","2":"type-product","3":"status-publish","4":"has-post-thumbnail","6":"product_cat-cables","7":"product_cat-xdiag","8":"product_tag-can-fd","9":"product_tag-dbscar-7","10":"product_tag-doip","11":"product_tag-obd2","12":"product_tag-xdiag-pro","14":"first","15":"instock","16":"shipping-taxable","17":"purchasable","18":"product-type-simple","19":"entry","20":"content-bg","21":"loop-entry"},"exclude_global_add_ons":[],"addons":[],"taxonomy_info":{"product_cat":[{"value":24,"label":"Cables"},{"value":26,"label":"xdiag"}],"product_tag":[{"value":38,"label":"CAN FD"},{"value":40,"label":"DBSCAR 7"},{"value":39,"label":"DOIP"},{"value":42,"label":"OBD2"},{"value":41,"label":"XDIAG PRO"}]},"featured_image_src_large":["https:\/\/xdiag.org\/wp-content\/uploads\/2025\/09\/Launch_X431_CAN_FD_2.jpg",600,600,false],"author_info":[],"comment_info":"","_links":{"self":[{"href":"https:\/\/xdiag.org\/tr\/wp-json\/wp\/v2\/product\/5229","targetHints":{"allow":["GET"]}}],"collection":[{"href":"https:\/\/xdiag.org\/tr\/wp-json\/wp\/v2\/product"}],"about":[{"href":"https:\/\/xdiag.org\/tr\/wp-json\/wp\/v2\/types\/product"}],"wp:featuredmedia":[{"embeddable":true,"href":"https:\/\/xdiag.org\/tr\/wp-json\/wp\/v2\/media\/5172"}],"wp:attachment":[{"href":"https:\/\/xdiag.org\/tr\/wp-json\/wp\/v2\/media?parent=5229"}],"wp:term":[{"taxonomy":"product_cat","embeddable":true,"href":"https:\/\/xdiag.org\/tr\/wp-json\/wp\/v2\/product_cat?post=5229"},{"taxonomy":"product_tag","embeddable":true,"href":"https:\/\/xdiag.org\/tr\/wp-json\/wp\/v2\/product_tag?post=5229"}],"curies":[{"name":"wp","href":"https:\/\/api.w.org\/{rel}","templated":true}]}}