{"id":5231,"date":"2025-09-28T18:41:33","date_gmt":"2025-09-28T16:41:33","guid":{"rendered":"https:\/\/xdiag.org\/?post_type=product&#038;p=5231"},"modified":"2025-11-15T18:03:52","modified_gmt":"2025-11-15T17:03:52","slug":"launch-doip-obd2-16-pin-adapter-cable","status":"publish","type":"product","link":"https:\/\/xdiag.org\/tr\/product\/launch-doip-obd2-16-pin-adapter-cable\/","title":{"rendered":"Launch DOIP OBD2 16 Pin Adapter Cable \u2013 DBScar VII ile uyumlu"},"content":{"rendered":"<p data-start=\"200\" data-end=\"572\" class=\" translation-block\"><strong data-start=\"204\" data-end=\"231\">DOIP OBD2 Adapter Cable<\/strong>, <strong data-start=\"325\" data-end=\"370\">DOIP (Diagnostics over Internet Protocol)<\/strong> standard\u0131n\u0131 kullanan ara\u00e7larda geli\u015fmi\u015f te\u015fhis olanaklar\u0131n\u0131 a\u00e7mak i\u00e7in tasarlanm\u0131\u015f profesyonel seviyede bir aksesuard\u0131r.<br data-start=\"380\" data-end=\"383\">\u00d6zellikle <strong data-start=\"418\" data-end=\"432\">DBScar VII<\/strong> ve <strong data-start=\"437\" data-end=\"452\">ThinkDiag 2<\/strong> konnekt\u00f6rleriyle kullan\u0131m i\u00e7in tasarlanm\u0131\u015f olup, at\u00f6lye ortamlar\u0131 i\u00e7in stabil performans, h\u0131zl\u0131 ileti\u015fim ve uzun \u00f6m\u00fcrl\u00fc dayan\u0131kl\u0131l\u0131k sa\u011flar.<\/p>\n<h2 data-start=\"579\" data-end=\"603\">\u00a0\u00dcr\u00fcn \u00d6zellikleri<\/h2>\n<p data-start=\"605\" data-end=\"888\">\u26ab Tam uyumlu <strong data-start=\"629\" data-end=\"643\">DBScar VII<\/strong> ve <strong data-start=\"648\" data-end=\"663\">ThinkDiag 2<\/strong><br data-start=\"663\" data-end=\"666\" \/>\ud83d\udd34 Gerektiren ara\u00e7larda te\u015fhis yap\u0131lmas\u0131n\u0131 sa\u011flar <strong data-start=\"715\" data-end=\"732\">DOIP protokol\u00fc<\/strong><br data-start=\"732\" data-end=\"735\" \/>\u26ab G\u00fcvenilir OBD2 16-pin tak &amp; \u00e7al\u0131\u015ft\u0131r ba\u011flant\u0131<br data-start=\"780\" data-end=\"783\" \/>\ud83d\udd34 \u00dczerinde test edilmi\u015f ve do\u011frulanm\u0131\u015ft\u0131r <strong data-start=\"813\" data-end=\"831\">Xdiag platformu<\/strong><br data-start=\"831\" data-end=\"834\" \/>\u26ab A\u011f\u0131r hizmet kullan\u0131m\u0131 i\u00e7in g\u00fc\u00e7lendirilmi\u015f malzemelerle \u00fcretilmi\u015ftir<\/p>\n<h2 data-start=\"895\" data-end=\"919\">\u00a0DOIP Neden \u00d6nemlidir<\/h2>\n<p data-start=\"921\" data-end=\"1229\" class=\" translation-block\"><strong data-start=\"921\" data-end=\"966\">DOIP (Diagnostics over Internet Protocol)<\/strong>, otomotiv sekt\u00f6r\u00fcndeki en yeni te\u015fhis standard\u0131d\u0131r. Geleneksel CAN hatlar\u0131n\u0131n aksine DOIP, \u00e7ok daha y\u00fcksek bant geni\u015fli\u011fi ve daha h\u0131zl\u0131 veri iletimi i\u00e7in Ethernet kullan\u0131r. Bu da onu karma\u015f\u0131k ECU\u2019lara ve geli\u015fmi\u015f \u00f6zelliklere sahip modern ara\u00e7lar i\u00e7in vazge\u00e7ilmez k\u0131lar.<\/p>\n<p data-start=\"1231\" data-end=\"1589\">\u26ab <strong data-start=\"1233\" data-end=\"1261\">Y\u00fcksek h\u0131zl\u0131 ileti\u015fim<\/strong> \u2013 CAN\u2019e k\u0131yasla daha h\u0131zl\u0131 veri aktar\u0131m\u0131.<br data-start=\"1301\" data-end=\"1304\" \/>\ud83d\udd34 <strong data-start=\"1307\" data-end=\"1332\">Premium marka deste\u011fi<\/strong> \u2013 A\u015fa\u011f\u0131daki markalar taraf\u0131ndan gereklidir <strong data-start=\"1362\" data-end=\"1414\">BMW, Mercedes-Benz, Volvo, JLR, Porsche, VW\/Audi<\/strong>.<br data-start=\"1415\" data-end=\"1418\" \/>\u26ab <strong data-start=\"1420\" data-end=\"1439\">Geli\u015fmi\u015f kodlama<\/strong> \u2013 ECU programlama, yaz\u0131l\u0131m g\u00fcncellemeleri ve \u00e7evrim i\u00e7i kodlamay\u0131 m\u00fcmk\u00fcn k\u0131lar.<br data-start=\"1503\" data-end=\"1506\" \/>\ud83d\udd34 <strong data-start=\"1509\" data-end=\"1525\">Gelece\u011fe haz\u0131r<\/strong> \u2013 Y\u00fcksek veri gereksinimlerine sahip elektrikli ve hibrit platformlar i\u00e7in tasarlanm\u0131\u015ft\u0131r.<\/p>\n<h2 data-start=\"1596\" data-end=\"1620\">Paket i\u00e7eri\u011fi<\/h2>\n<p data-start=\"1622\" data-end=\"1651\">1 \u00d7 DOIP OBD2 Adapt\u00f6r Kablosu<\/p>\n<p data-start=\"1658\" data-end=\"1845\">\u2705 The <strong data-start=\"1664\" data-end=\"1691\">DOIP OBD2 Adapter Cable<\/strong> is an essential add-on for any workshop using Xdiag with DBScar VII or ThinkDiag 2, ensuring full compatibility with the latest vehicles and protocols.<\/p>","protected":false},"excerpt":{"rendered":"<p data-start=\"1680\" data-end=\"1985\" class=\" translation-block\"><strong data-start=\"1684\" data-end=\"1717\">Xdiag DOIP OBD2 Adapter Cable<\/strong>, BMW, Mercedes, Volvo, Porsche, JLR ve VW\/Audi dahil olmak \u00fczere DOIP protokol\u00fcn\u00fc kullanan ara\u00e7larda te\u015fhis yap\u0131lmas\u0131n\u0131 sa\u011flar. DBScar VII ve ThinkDiag 2 i\u00e7in tasarlanm\u0131\u015f olup h\u0131zl\u0131 Ethernet ileti\u015fimi, g\u00fcvenilir kodlama ve elektrikli ile hibrit ara\u00e7lar i\u00e7in gelece\u011fe haz\u0131r uyumluluk sunar.<\/p>\n<p>&nbsp;<\/p>","protected":false},"featured_media":5164,"template":"","meta":{"_seopress_robots_primary_cat":"24","_seopress_titles_title":"Xdiag DOIP OBD2 Adapter Cable \u2013 Supports BMW, Mercedes, Porsche, Volvo, JLR, VW\/Audi","_seopress_titles_desc":"Xdiag DOIP OBD2 Adapter Cable \u2013 designed for DBScar VII and ThinkDiag 2 connectors. Supports BMW, Mercedes, Volvo, Porsche, JLR, VW\/Audi with DOIP protocol for high-speed diagnostics, ECU coding, and online programming.","_seopress_robots_index":"","_kad_blocks_custom_css":"","_kad_blocks_head_custom_js":"","_kad_blocks_body_custom_js":"","_kad_blocks_footer_custom_js":"","_kad_post_transparent":"default","_kad_post_title":"","_kad_post_layout":"default","_kad_post_sidebar_id":"","_kad_post_content_style":"default","_kad_post_vertical_padding":"default","_kad_post_feature":"","_kad_post_feature_position":"","_kad_post_header":false,"_kad_post_footer":false,"iawp_total_views":287},"product_cat":[24,26],"product_tag":[40,39,47,42,41],"class_list":{"0":"post-5231","1":"product","2":"type-product","3":"status-publish","4":"has-post-thumbnail","6":"product_cat-cables","7":"product_cat-xdiag","8":"product_tag-dbscar-7","9":"product_tag-doip","10":"product_tag-doip-cable","11":"product_tag-obd2","12":"product_tag-xdiag-pro","14":"first","15":"instock","16":"shipping-taxable","17":"purchasable","18":"product-type-simple","19":"entry","20":"content-bg","21":"loop-entry"},"exclude_global_add_ons":[],"addons":[],"taxonomy_info":{"product_cat":[{"value":24,"label":"Cables"},{"value":26,"label":"xdiag"}],"product_tag":[{"value":40,"label":"DBSCAR 7"},{"value":39,"label":"DOIP"},{"value":47,"label":"doip cable"},{"value":42,"label":"OBD2"},{"value":41,"label":"XDIAG PRO"}]},"featured_image_src_large":["https:\/\/xdiag.org\/wp-content\/uploads\/2025\/09\/Launch_DOIP_Connector_3.jpg",600,600,false],"author_info":[],"comment_info":"","_links":{"self":[{"href":"https:\/\/xdiag.org\/tr\/wp-json\/wp\/v2\/product\/5231","targetHints":{"allow":["GET"]}}],"collection":[{"href":"https:\/\/xdiag.org\/tr\/wp-json\/wp\/v2\/product"}],"about":[{"href":"https:\/\/xdiag.org\/tr\/wp-json\/wp\/v2\/types\/product"}],"wp:featuredmedia":[{"embeddable":true,"href":"https:\/\/xdiag.org\/tr\/wp-json\/wp\/v2\/media\/5164"}],"wp:attachment":[{"href":"https:\/\/xdiag.org\/tr\/wp-json\/wp\/v2\/media?parent=5231"}],"wp:term":[{"taxonomy":"product_cat","embeddable":true,"href":"https:\/\/xdiag.org\/tr\/wp-json\/wp\/v2\/product_cat?post=5231"},{"taxonomy":"product_tag","embeddable":true,"href":"https:\/\/xdiag.org\/tr\/wp-json\/wp\/v2\/product_tag?post=5231"}],"curies":[{"name":"wp","href":"https:\/\/api.w.org\/{rel}","templated":true}]}}