{"id":5232,"date":"2025-09-28T18:53:27","date_gmt":"2025-09-28T16:53:27","guid":{"rendered":"https:\/\/xdiag.org\/?post_type=product&#038;p=5232"},"modified":"2026-03-17T14:41:52","modified_gmt":"2026-03-17T13:41:52","slug":"launch-obd2-dbscar-1","status":"publish","type":"product","link":"https:\/\/xdiag.org\/tr\/product\/launch-obd2-dbscar-1\/","title":{"rendered":"Obd2 Dbscar 1 X431"},"content":{"rendered":"<p data-start=\"176\" data-end=\"449\" class=\" translation-block\">The <strong data-start=\"180\" data-end=\"210\">DBScar 1 Bluetooth Adapter<\/strong>, Launch taraf\u0131ndan geli\u015ftirilen kompakt ve profesyonel bir OBD2 ba\u011flant\u0131 adapt\u00f6r\u00fcd\u00fcr ve <strong data-start=\"303\" data-end=\"321\">Xdiag platform<\/strong> ile tamamen uyumludur. Android tabletler ve ak\u0131ll\u0131 telefonlarla sorunsuz \u015fekilde ba\u011flant\u0131 kurarak stabil te\u015fhis, canl\u0131 veri ak\u0131\u015f\u0131 ve ECU eri\u015fimi sa\u011flar.<\/p>\n<p data-start=\"451\" data-end=\"886\">\u26ab <strong data-start=\"453\" data-end=\"479\">Bluetooth Ba\u011flant\u0131s\u0131<\/strong> \u2013 Donat\u0131lm\u0131\u015ft\u0131r <strong data-start=\"496\" data-end=\"513\">Bluetooth 4.2<\/strong>, h\u0131zl\u0131 e\u015fle\u015ftirme, stabil ba\u011flant\u0131 ve d\u00fc\u015f\u00fck enerji t\u00fcketimi sunar.<br data-start=\"584\" data-end=\"587\" \/>\ud83d\udd34 <strong data-start=\"590\" data-end=\"607\">Yaln\u0131zca donan\u0131m<\/strong> \u2013 Yaln\u0131zca adapt\u00f6r\u00fc i\u00e7erir; Xdiag lisans\u0131 ayr\u0131 olarak sat\u0131n al\u0131n\u0131r.<br data-start=\"675\" data-end=\"678\" \/>\u26ab <strong data-start=\"680\" data-end=\"710\">G\u00fcvenilirlik i\u00e7in \u00f6nceden test edilmi\u015ftir<\/strong> \u2013 Her DBScar 1, kusursuz ileti\u015fim sa\u011flamak i\u00e7in g\u00f6nderimden \u00f6nce test edilir.<br data-start=\"787\" data-end=\"790\" \/>\ud83d\udd34 <strong data-start=\"793\" data-end=\"817\">At\u00f6lye kullan\u0131m\u0131na haz\u0131r yap\u0131<\/strong> \u2013 Zorlu ortamlarda g\u00fcnl\u00fck kullan\u0131m i\u00e7in tasarlanm\u0131\u015f sa\u011flam muhafaza.<\/p>\n<h2 data-start=\"893\" data-end=\"938\">\u00a0Desteklenen protokoller ve neden \u00f6nemlidir<\/h2>\n<p data-start=\"940\" data-end=\"1073\" class=\" translation-block\">DBScar 1, t\u00fcm temel <strong data-start=\"976\" data-end=\"994\">OBD2 protocols<\/strong>\u2019\u00fc destekleyerek d\u00fcnya genelinde binek ara\u00e7lar ve hafif ticari ara\u00e7larla geni\u015f uyumluluk sa\u011flar:<\/p>\n<p data-start=\"1075\" data-end=\"1648\">\u26ab <strong data-start=\"1077\" data-end=\"1090\">ISO9141-2<\/strong> \u2013 Eski Avrupa ve Asya ara\u00e7lar\u0131nda yayg\u0131nd\u0131r; ECU ileti\u015fimi i\u00e7in kullan\u0131l\u0131r.<br data-start=\"1161\" data-end=\"1164\" \/>\ud83d\udd34 <strong data-start=\"1167\" data-end=\"1189\">KWP2000 (ISO14230)<\/strong> \u2013 2000\u2019li y\u0131llara ait ara\u00e7larda yayg\u0131n olarak kullan\u0131l\u0131r; geli\u015fmi\u015f ECU te\u015fhislerini destekler.<br data-start=\"1257\" data-end=\"1260\" \/>\u26ab <strong data-start=\"1262\" data-end=\"1279\">SAE J1850 VPW<\/strong> \u2013 \u00d6ncelikle ABD pazar\u0131ndaki GM ara\u00e7lar\u0131 i\u00e7in.<br data-start=\"1325\" data-end=\"1328\" \/>\ud83d\udd34 <strong data-start=\"1331\" data-end=\"1348\">SAE J1850 PWM<\/strong> \u2013 \u00d6zellikle Kuzey Amerika\u2019daki Ford ara\u00e7lar\u0131nda kullan\u0131l\u0131r.<br data-start=\"1402\" data-end=\"1405\" \/>\u26ab <strong data-start=\"1407\" data-end=\"1425\">CAN (ISO15765)<\/strong> \u2013 2008 sonras\u0131 \u00fcretilen t\u00fcm ara\u00e7larda standartt\u0131r; y\u00fcksek h\u0131zl\u0131 te\u015fhis ve ECU ileti\u015fimi.<br data-start=\"1512\" data-end=\"1515\" \/>\ud83d\udd34 <strong data-start=\"1518\" data-end=\"1555\">UDS (Unified Diagnostic Services)<\/strong> \u2013 VW, Audi, BMW, Mercedes ve daha bir\u00e7ok marka taraf\u0131ndan geli\u015fmi\u015f i\u015flevler i\u00e7in kullan\u0131lan modern bir protokol.<\/p>\n<p data-start=\"1650\" data-end=\"1787\" class=\" translation-block\">Bu protokoller, DBScar 1\u2019in <strong data-start=\"1704\" data-end=\"1746\">European, American, and Asian vehicles<\/strong> genelinde \u00e7al\u0131\u015fmas\u0131n\u0131 sa\u011flayarak d\u00fcnya \u00e7ap\u0131nda milyonlarca modeli kapsar.<\/p>\n<h2 data-start=\"1794\" data-end=\"1835\">\u00dcr\u00fcn \u00d6zellikleri ve Teknik \u00d6zellikler<\/h2>\n<p data-start=\"1837\" data-end=\"2220\">\u26ab <strong data-start=\"1839\" data-end=\"1853\">Ba\u011flant\u0131<\/strong> \u2013 G\u00fcncellemeler i\u00e7in Micro USB ba\u011flant\u0131l\u0131 OBD2 16 pin fi\u015f.<br data-start=\"1900\" data-end=\"1903\" \/>\ud83d\udd34 <strong data-start=\"1906\" data-end=\"1923\">Uyumluluk<\/strong> \u2013 Android 7\u201313 ve Android 14 (yaln\u0131zca 32 bit sistemler).<br data-start=\"1977\" data-end=\"1980\" \/>\u26ab <strong data-start=\"1982\" data-end=\"1998\">G\u00fc\u00e7 kayna\u011f\u0131<\/strong> \u2013 \u00c7al\u0131\u015fma voltaj\u0131 9\u201315 V.<br data-start=\"2026\" data-end=\"2029\" \/>\ud83d\udd34 <strong data-start=\"2032\" data-end=\"2051\">Working Current<\/strong> \u2013 &lt; 30 mA (d\u00fc\u015f\u00fck enerji t\u00fcketimi).<br data-start=\"2086\" data-end=\"2089\" \/>\u26ab <strong data-start=\"2091\" data-end=\"2109\">Operating Temp<\/strong> \u2013 \u201310 \u00b0C to 55 \u00b0C.<br data-start=\"2128\" data-end=\"2131\" \/>\ud83d\udd34 <strong data-start=\"2134\" data-end=\"2150\">Storage Temp<\/strong> \u2013 \u201320 \u00b0C to 70 \u00b0C.<br data-start=\"2169\" data-end=\"2172\" \/>\u26ab <strong data-start=\"2174\" data-end=\"2194\">Firmware Updates<\/strong> \u2013 Bluetooth veya USB \u00fczerinden.<\/p>\n<h2 data-start=\"2227\" data-end=\"2251\">\u00d6nemli uyar\u0131<\/h2>\n<p data-start=\"2253\" data-end=\"2405\">This adapter does <strong data-start=\"2271\" data-end=\"2278\">not<\/strong> include Xdiag software or license.<br data-start=\"2313\" data-end=\"2316\" \/>\ud83d\udc49 You can purchase your desired <strong data-start=\"2349\" data-end=\"2366\">Xdiag package<\/strong> separately here: [<a href=\"https:\/\/xdiag.org\/xdiag-buy-subscription\/\">Buy Xdiag Package<\/a>]<\/p>\n<hr data-start=\"2407\" data-end=\"2410\" \/>\n<h2 data-start=\"2412\" data-end=\"2427\">\u2705 K\u0131saca<\/h2>\n<p data-start=\"2429\" data-end=\"2741\" class=\" translation-block\">The <strong data-start=\"2433\" data-end=\"2463\">DBScar 1 Bluetooth Adapter<\/strong>, uygun maliyetli ve kendini kan\u0131tlam\u0131\u015f bir OBD2 \u00e7\u00f6z\u00fcm\u00fcd\u00fcr. <strong data-start=\"2515\" data-end=\"2532\">Bluetooth 4.2<\/strong>, <strong data-start=\"2551\" data-end=\"2600\">ISO9141, KWP2000, J1850 VPW\/PWM, CAN, and UDS<\/strong> protokollerinin tam deste\u011fi ve <strong data-start=\"2636\" data-end=\"2654\">Xdiag platform<\/strong> ile kusursuz entegrasyonu sayesinde, g\u00fcvenilir te\u015fhis arayan servisler ve ileri d\u00fczey kullan\u0131c\u0131lar i\u00e7in ideal bir tercihtir.<\/p>","protected":false},"excerpt":{"rendered":"<p class=\" translation-block\">The <strong data-start=\"170\" data-end=\"200\">DBScar 1 Bluetooth Adapter<\/strong>, <strong data-start=\"259\" data-end=\"277\">Xdiag platform<\/strong> i\u00e7in tasarlanm\u0131\u015f kompakt ve g\u00fcvenilir bir OBD2 ba\u011flant\u0131 adapt\u00f6r\u00fcd\u00fcr. <strong data-start=\"284\" data-end=\"301\">Bluetooth 4.2<\/strong> ve ba\u015fl\u0131ca te\u015fhis protokollerini (ISO9141, KWP2000, J1850 VPW\/PWM, CAN, UDS) destekleyerek stabil ileti\u015fim, geni\u015f ara\u00e7 kapsama alan\u0131 ve profesyonel seviyede performans sa\u011flar.<\/p>","protected":false},"featured_media":5157,"template":"","meta":{"_seopress_robots_primary_cat":"21","_seopress_titles_title":"DBScar 1 Bluetooth OBD2 Adapter for Xdiag \u2013 Full Protocol Support, Stable Connection","_seopress_titles_desc":"DBScar 1 Bluetooth Adapter for Xdiag \u2013 a compact OBD2 connector with Bluetooth 4.2 and full protocol support (ISO9141, KWP2000, J1850, CAN, UDS). Ideal for workshops and advanced users. Reliable, tested, and ready for professional diagnostics.","_seopress_robots_index":"","_kad_blocks_custom_css":"","_kad_blocks_head_custom_js":"","_kad_blocks_body_custom_js":"","_kad_blocks_footer_custom_js":"","_kad_post_transparent":"default","_kad_post_title":"","_kad_post_layout":"default","_kad_post_sidebar_id":"","_kad_post_content_style":"default","_kad_post_vertical_padding":"default","_kad_post_feature":"","_kad_post_feature_position":"","_kad_post_header":false,"_kad_post_footer":false,"iawp_total_views":562},"product_cat":[21,26],"product_tag":[48,49,50,42,52],"class_list":{"0":"post-5232","1":"product","2":"type-product","3":"status-publish","4":"has-post-thumbnail","6":"product_cat-connectors","7":"product_cat-xdiag","8":"product_tag-dbscar","9":"product_tag-dbscar-1","10":"product_tag-launch-x431","11":"product_tag-obd2","12":"product_tag-xdiag-obd","14":"first","15":"instock","16":"shipping-taxable","17":"purchasable","18":"product-type-simple","19":"entry","20":"content-bg","21":"loop-entry"},"exclude_global_add_ons":[],"addons":[],"taxonomy_info":{"product_cat":[{"value":21,"label":"Connectors"},{"value":26,"label":"xdiag"}],"product_tag":[{"value":48,"label":"Dbscar"},{"value":49,"label":"Dbscar 1"},{"value":50,"label":"Launch X431"},{"value":42,"label":"OBD2"},{"value":52,"label":"Xdiag obd"}]},"featured_image_src_large":["https:\/\/xdiag.org\/wp-content\/uploads\/2025\/09\/Launch_Dbscar_1_2.jpg",600,600,false],"author_info":[],"comment_info":"","_links":{"self":[{"href":"https:\/\/xdiag.org\/tr\/wp-json\/wp\/v2\/product\/5232","targetHints":{"allow":["GET"]}}],"collection":[{"href":"https:\/\/xdiag.org\/tr\/wp-json\/wp\/v2\/product"}],"about":[{"href":"https:\/\/xdiag.org\/tr\/wp-json\/wp\/v2\/types\/product"}],"wp:featuredmedia":[{"embeddable":true,"href":"https:\/\/xdiag.org\/tr\/wp-json\/wp\/v2\/media\/5157"}],"wp:attachment":[{"href":"https:\/\/xdiag.org\/tr\/wp-json\/wp\/v2\/media?parent=5232"}],"wp:term":[{"taxonomy":"product_cat","embeddable":true,"href":"https:\/\/xdiag.org\/tr\/wp-json\/wp\/v2\/product_cat?post=5232"},{"taxonomy":"product_tag","embeddable":true,"href":"https:\/\/xdiag.org\/tr\/wp-json\/wp\/v2\/product_tag?post=5232"}],"curies":[{"name":"wp","href":"https:\/\/api.w.org\/{rel}","templated":true}]}}