{"id":956,"date":"2023-10-10T16:52:50","date_gmt":"2023-10-10T14:52:50","guid":{"rendered":"http:\/\/xdiag.org\/?post_type=product&#038;p=956"},"modified":"2026-04-20T00:25:33","modified_gmt":"2026-04-19T22:25:33","slug":"xdiag-x431-adapter-obd2-connector","status":"publish","type":"product","link":"https:\/\/xdiag.org\/tr\/product\/xdiag-x431-adapter-obd2-connector\/","title":{"rendered":"A\u011f\u0131r hizmet kamyonlar\u0131 i\u00e7in OBD2 konnekt\u00f6r adapt\u00f6r\u00fc"},"content":{"rendered":"<p data-start=\"126\" data-end=\"418\" class=\" translation-block\"><strong data-start=\"130\" data-end=\"165\">24V to 12V Diagnostic Converter<\/strong>, a\u011f\u0131r kamyonlar, otob\u00fcsler, pickup\u2019lar ve di\u011fer 24V ara\u00e7larla \u00e7al\u0131\u015fan servisler i\u00e7in profesyonel bir ara\u00e7t\u0131r. Voltaj\u0131 g\u00fcvenli \u015fekilde d\u00f6n\u00fc\u015ft\u00fcr\u00fcr ve ileti\u015fim protokollerini adapte eder, b\u00f6ylece <img role=\"img\" class=\"emoji\" alt=\"\ud83d\udd34\" src=\"https:\/\/s.w.org\/images\/core\/emoji\/17.0.2\/svg\/1f534.svg\"> OBD2 te\u015fhis cihazlar\u0131 (12V) 24V sistemlerde sorunsuz \u015fekilde ba\u011flan\u0131p \u00e7al\u0131\u015fabilir.<\/p>\n<p>\ud83d\udd34 <strong>Te\u015fhis aray\u00fcz\u00fc i\u00e7in voltaj d\u00f6n\u00fc\u015f\u00fcm\u00fc<\/strong> \u2013 24V ara\u00e7 sistemlerini 12V\u2019a d\u00f6n\u00fc\u015ft\u00fcrerek te\u015fhis ekipman\u0131n\u0131n g\u00fcvenli \u015fekilde kullan\u0131lmas\u0131n\u0131 sa\u011flar.<\/p>\n<p>\ud83d\udd34 <strong data-start=\"555\" data-end=\"592\">\u0130leti\u015fim protokol\u00fc d\u00f6n\u00fc\u015f\u00fcm\u00fc<\/strong> \u2013 24V kamyonlar\u0131 d\u00f6n\u00fc\u015ft\u00fcr\u00fcr <strong data-start=\"616\" data-end=\"626\">K-Line<\/strong> ileti\u015fimi 12V K-Line\u2019a d\u00f6n\u00fc\u015ft\u00fcrerek sorunsuz bir diagnostik sa\u011flar.<\/p>\n<p data-start=\"690\" data-end=\"818\">\ud83d\udd34 <strong data-start=\"693\" data-end=\"721\">Giri\u015f voltaj g\u00f6stergesi<\/strong> \u2013 Ekran net bir \u015fekilde g\u00f6sterir <em data-start=\"752\" data-end=\"763\">24V giri\u015fi<\/em> an\u0131nda tan\u0131ma i\u00e7in y\u00fckseltilmi\u015f bir anahtar d\u00fc\u011fmesiyle.<\/p>\n<p data-start=\"820\" data-end=\"941\">\ud83d\udd34 <strong data-start=\"823\" data-end=\"852\">\u00c7\u0131k\u0131\u015f voltaj g\u00f6stergesi<\/strong> \u2013 G\u00f6sterir <em data-start=\"861\" data-end=\"873\">12V \u00e7\u0131k\u0131\u015f\u0131<\/em> etkin d\u00f6n\u00fc\u015f\u00fcm\u00fc do\u011frulamak i\u00e7in anahtar d\u00fc\u011fmesi bas\u0131l\u0131 tutuldu\u011funda.<\/p>\n<p data-start=\"943\" data-end=\"1074\"><strong data-start=\"946\" data-end=\"980\">\ud83d\udd34\u0130leti\u015fim durumu g\u00f6stergesi<\/strong> \u2013 G\u00f6sterge \u0131\u015f\u0131\u011f\u0131, ara\u00e7 ile te\u015fhis cihaz\u0131 aras\u0131ndaki ger\u00e7ek zamanl\u0131 ileti\u015fim durumunu g\u00f6sterir.<\/p>\n<h3 data-start=\"1081\" data-end=\"1113\">Bu d\u00f6n\u00fc\u015ft\u00fcr\u00fcc\u00fcy\u00fc neden se\u00e7melisiniz?<\/h3>\n<p data-start=\"1115\" data-end=\"1393\">\ud83d\udd34 OBD2 ara\u00e7lar\u0131n\u0131n uyumlulu\u011funu \u015fu sistemlere geni\u015fletir: <strong data-start=\"1153\" data-end=\"1169\">24V ara\u00e7lar<\/strong><br data-start=\"1169\" data-end=\"1172\" \/>\ud83d\udd34 Garanti eder <strong data-start=\"1186\" data-end=\"1224\">g\u00fcvenli ve stabil voltaj d\u00f6n\u00fc\u015f\u00fcm\u00fc<\/strong><br data-start=\"1224\" data-end=\"1227\" \/>\ud83d\udd34 Sa\u011flar <strong data-start=\"1239\" data-end=\"1266\">net g\u00f6rsel g\u00f6stergeler<\/strong> giri\u015f, \u00e7\u0131k\u0131\u015f ve ileti\u015fim i\u00e7in<br data-start=\"1303\" data-end=\"1306\" \/>\ud83d\udd34 Profesyonel servislerde \u015fu ara\u00e7larla \u00e7al\u0131\u015fanlar i\u00e7in idealdir: <strong data-start=\"1351\" data-end=\"1391\">otomobiller, pickup\u2019lar ve a\u011f\u0131r hizmet kamyonlar\u0131<\/strong><\/p>\n<p data-start=\"1400\" data-end=\"1621\" class=\" translation-block\"><strong data-start=\"1402\" data-end=\"1415\">In short:<\/strong> <strong data-start=\"1420\" data-end=\"1455\">24V to 12V Diagnostic Converter<\/strong>, hem <strong data-start=\"1535\" data-end=\"1558\">12V and 24V systems<\/strong> \u00fczerinde g\u00fcvenilir te\u015fhis yapmas\u0131 gereken teknisyenler i\u00e7in vazge\u00e7ilmez bir aksesuard\u0131r; g\u00fcvenlik, uyumluluk ve kusursuz ileti\u015fim sa\u011flar.<\/p>","protected":false},"excerpt":{"rendered":"<p class=\" translation-block\"><strong data-start=\"95\" data-end=\"146\">Godiag GT106 Heavy Truck Power Module Converter<\/strong>, 24V kamyon sistemlerini ve K-Line ileti\u015fimini g\u00fcvenli bir \u015fekilde 12V\u2019a d\u00f6n\u00fc\u015ft\u00fcrerek, a\u011f\u0131r hizmet ara\u00e7lar\u0131nda 12V te\u015fhis cihazlar\u0131na zarar verme riski olmadan te\u015fhis ekipman\u0131n\u0131n kullan\u0131lmas\u0131n\u0131 sa\u011flar.<\/p>","protected":false},"featured_media":5153,"template":"","meta":{"_seopress_robots_primary_cat":"25","_seopress_titles_title":"Godiag GT106 Heavy Truck Power Module Converter","_seopress_titles_desc":"Discover the Godiag GT106 Heavy Truck Power Module Converter in seamlessly converting a truck's 24v K-Line communication protocol to a 12v K-Line.","_seopress_robots_index":"","_kad_blocks_custom_css":"","_kad_blocks_head_custom_js":"","_kad_blocks_body_custom_js":"","_kad_blocks_footer_custom_js":"","_kad_post_transparent":"default","_kad_post_title":"","_kad_post_layout":"default","_kad_post_sidebar_id":"","_kad_post_content_style":"default","_kad_post_vertical_padding":"default","_kad_post_feature":"","_kad_post_feature_position":"","_kad_post_header":false,"_kad_post_footer":false,"iawp_total_views":265},"product_cat":[25,26],"product_tag":[],"class_list":{"0":"post-956","1":"product","2":"type-product","3":"status-publish","4":"has-post-thumbnail","6":"product_cat-adapters","7":"product_cat-xdiag","9":"first","10":"instock","11":"shipping-taxable","12":"purchasable","13":"product-type-simple","14":"entry","15":"content-bg","16":"loop-entry"},"exclude_global_add_ons":[],"addons":[],"taxonomy_info":{"product_cat":[{"value":25,"label":"Adapters"},{"value":26,"label":"xdiag"}]},"featured_image_src_large":["https:\/\/xdiag.org\/wp-content\/uploads\/2025\/09\/Xdiag_Godiag-GT106_Plus_1.jpg",600,600,false],"author_info":[],"comment_info":"","_links":{"self":[{"href":"https:\/\/xdiag.org\/tr\/wp-json\/wp\/v2\/product\/956","targetHints":{"allow":["GET"]}}],"collection":[{"href":"https:\/\/xdiag.org\/tr\/wp-json\/wp\/v2\/product"}],"about":[{"href":"https:\/\/xdiag.org\/tr\/wp-json\/wp\/v2\/types\/product"}],"wp:featuredmedia":[{"embeddable":true,"href":"https:\/\/xdiag.org\/tr\/wp-json\/wp\/v2\/media\/5153"}],"wp:attachment":[{"href":"https:\/\/xdiag.org\/tr\/wp-json\/wp\/v2\/media?parent=956"}],"wp:term":[{"taxonomy":"product_cat","embeddable":true,"href":"https:\/\/xdiag.org\/tr\/wp-json\/wp\/v2\/product_cat?post=956"},{"taxonomy":"product_tag","embeddable":true,"href":"https:\/\/xdiag.org\/tr\/wp-json\/wp\/v2\/product_tag?post=956"}],"curies":[{"name":"wp","href":"https:\/\/api.w.org\/{rel}","templated":true}]}}