{"id":958,"date":"2023-10-10T17:04:05","date_gmt":"2023-10-10T15:04:05","guid":{"rendered":"http:\/\/xdiag.org\/?post_type=product&#038;p=958"},"modified":"2025-10-11T10:44:23","modified_gmt":"2025-10-11T08:44:23","slug":"launch-x-431-tire-pressure-detector","status":"publish","type":"product","link":"https:\/\/xdiag.org\/tr\/product\/launch-x-431-tire-pressure-detector\/","title":{"rendered":"Launch X431 TSGUN TPMS Tire Pressure Detector \u2013 Sens\u00f6rleri etkinle\u015ftirme, yeniden \u00f6\u011frenme ve programlama i\u00e7in TPMS te\u015fhis cihaz\u0131, X431 V \/ V+ \/ PRO3S+ \/ PAD V \/ PAD II ile uyumludur"},"content":{"rendered":"<p data-start=\"214\" data-end=\"540\" class=\" translation-block\">The <strong data-start=\"218\" data-end=\"233\">Xdiag TSGUN<\/strong>, Xdiag yaz\u0131l\u0131m\u0131n\u0131 destekleyen te\u015fhis cihazlar\u0131yla sorunsuz entegrasyon i\u00e7in tasarlanm\u0131\u015f profesyonel, elde ta\u015f\u0131nabilir bir TPMS (Lastik Bas\u0131n\u00e7 \u0130zleme Sistemi) arac\u0131d\u0131r. Kompakt, ta\u015f\u0131nabilir ve g\u00fc\u00e7l\u00fc olan bu cihaz; tam TPMS te\u015fhisi, sens\u00f6r aktivasyonu, programlama ve \u00f6\u011frenme fonksiyonlar\u0131n\u0131 tek bir cihazda sunar.<\/p>\n<p data-start=\"542\" data-end=\"641\">\ud83d\udd34 <strong data-start=\"545\" data-end=\"571\">1,77 \u0130n\u00e7 Renkli Ekran<\/strong> \u2013 Te\u015fhis s\u0131ras\u0131nda kolay okunabilirlik i\u00e7in parlak ve net ekran.<\/p>\n<p data-start=\"643\" data-end=\"740\">\ud83d\udd34 <strong data-start=\"646\" data-end=\"672\">Ger\u00e7ek Zamanl\u0131 Lastik Verileri<\/strong> \u2013 Lastik bas\u0131nc\u0131n\u0131, s\u0131cakl\u0131\u011f\u0131 ve pil durumunu an\u0131nda okur.<\/p>\n<p data-start=\"742\" data-end=\"843\">\ud83d\udd34 <strong data-start=\"745\" data-end=\"771\">TPMS Ar\u0131za Te\u015fhisi<\/strong> \u2013 Lastik bas\u0131nc\u0131 ar\u0131za kodlar\u0131n\u0131 (DTC) y\u00fcksek hassasiyetle tespit eder ve siler.<\/p>\n<p data-start=\"845\" data-end=\"955\">\ud83d\udd34 <strong data-start=\"848\" data-end=\"880\">Sens\u00f6r Aktivasyonu ve E\u015fle\u015ftirme<\/strong> \u2013 315 MHz ve 433 MHz frekanslar\u0131nda sens\u00f6rleri etkinle\u015ftirir ve e\u015fle\u015ftirir.<\/p>\n<p data-start=\"957\" data-end=\"1059\">\ud83d\udd34 <strong data-start=\"960\" data-end=\"986\">Sens\u00f6r Veri Y\u00f6netimi<\/strong> \u2013 Verimli kullan\u0131m i\u00e7in sens\u00f6r kimliklerini (ID) h\u0131zl\u0131ca okur, kopyalar ve yazar.<\/p>\n<p data-start=\"1061\" data-end=\"1173\">\ud83d\udd34 <strong data-start=\"1064\" data-end=\"1096\">S\u0131n\u0131rs\u0131z Sens\u00f6r Programlama<\/strong> \u2013 Yeniden programlama d\u00f6ng\u00fclerinde herhangi bir k\u0131s\u0131tlama olmadan \u00f6zel sens\u00f6rleri programlar.<\/p>\n<p data-start=\"1175\" data-end=\"1287\">\ud83d\udd34 <strong data-start=\"1178\" data-end=\"1212\">Yerle\u015fik \u00d6\u011frenme Talimatlar\u0131<\/strong> \u2013 Ad\u0131m ad\u0131m y\u00f6nlendirme ile TPMS sens\u00f6r \u00f6\u011frenme i\u015flemlerini kolayla\u015ft\u0131r\u0131r.<\/p>\n<p data-start=\"1289\" data-end=\"1379\">\ud83d\udd34 <strong data-start=\"1292\" data-end=\"1322\">Geni\u015f Ara\u00e7 Kapsam\u0131<\/strong> \u2013 TPMS donan\u0131ml\u0131 k\u00fcresel ara\u00e7lar\u0131n \u2019ine kadar\u0131n\u0131 destekler.<\/p>\n<hr data-start=\"1381\" data-end=\"1384\" \/>\n<h3 data-start=\"1386\" data-end=\"1409\">Programlama Modlar\u0131<\/h3>\n<ul data-start=\"1411\" data-end=\"1709\">\n<li data-start=\"1411\" data-end=\"1471\">\n<p data-start=\"1413\" data-end=\"1471\"><strong data-start=\"1413\" data-end=\"1428\">Otomatik Olu\u015fturma<\/strong> \u2013 Yeni sens\u00f6r kimliklerini (ID) otomatik olarak olu\u015fturur.<\/p>\n<\/li>\n<li data-start=\"1472\" data-end=\"1538\">\n<p data-start=\"1474\" data-end=\"1538\"><strong data-start=\"1474\" data-end=\"1490\">Manual Input<\/strong> \u2013 Enter original or alternative IDs manually.<\/p>\n<\/li>\n<li data-start=\"1539\" data-end=\"1626\">\n<p data-start=\"1541\" data-end=\"1626\"><strong data-start=\"1541\" data-end=\"1556\">OBD \u00fczerinden kopyalama<\/strong> \u2013 Sens\u00f6r kimli\u011fini (ID) OBD ba\u011flant\u0131s\u0131 \u00fczerinden do\u011frudan ECU\u2019dan al\u0131r.<\/p>\n<\/li>\n<li data-start=\"1627\" data-end=\"1709\">\n<p data-start=\"1629\" data-end=\"1709\"><strong data-start=\"1629\" data-end=\"1651\">Aktivasyon ile Kopyalama<\/strong> \u2013 Verileri kopyalamadan \u00f6nce orijinal sens\u00f6rleri etkinle\u015ftirir.<\/p>\n<\/li>\n<\/ul>\n<hr data-start=\"1711\" data-end=\"1714\" \/>\n<h3 data-start=\"1716\" data-end=\"1735\">Uyumluluk<\/h3>\n<p data-start=\"1737\" data-end=\"1925\" class=\" translation-block\">The <strong data-start=\"1741\" data-end=\"1756\">Xdiag TSGUN<\/strong>, <strong data-start=\"1809\" data-end=\"1827\">Xdiag software<\/strong> \u00e7al\u0131\u015ft\u0131ran te\u015fhis cihazlar\u0131yla kullan\u0131lmak \u00fczere tasarlanm\u0131\u015ft\u0131r.<br data-start=\"1828\" data-end=\"1831\">\nXdiag uyumlu TPMS sens\u00f6rlerini (315\/433 MHz) destekler; bu sens\u00f6rler ayr\u0131 olarak sat\u0131n al\u0131nmal\u0131d\u0131r.<\/p>\n<hr data-start=\"1927\" data-end=\"1930\" \/>\n<h3 data-start=\"1932\" data-end=\"1961\">Neden Xdiag TSGUN\u2019\u0131 Se\u00e7melisiniz?<\/h3>\n<p data-start=\"1963\" data-end=\"2221\">\ud83d\udd34 Ta\u015f\u0131nabilir ve at\u00f6lye dostu tasar\u0131m<br data-start=\"2003\" data-end=\"2006\" \/>\ud83d\udd34 Okumadan programlamaya kadar tam TPMS te\u015fhisi<br data-start=\"2059\" data-end=\"2062\" \/>\ud83d\udd34 315 ve 433 MHz frekanslar\u0131n\u0131 destekler<br data-start=\"2099\" data-end=\"2102\" \/>\ud83d\udd34 Geni\u015f k\u00fcresel ara\u00e7 kapsam\u0131 (otomobiller, SUV\u2019ler, hafif ticari ara\u00e7lar)<br data-start=\"2160\" data-end=\"2163\" \/>\ud83d\udd34 Xdiag ile kararl\u0131 performans i\u00e7in test edilmi\u015f ve do\u011frulanm\u0131\u015ft\u0131r<\/p>\n<hr data-start=\"2223\" data-end=\"2226\" \/>\n<p data-start=\"2228\" data-end=\"2482\">\u2705 <strong data-start=\"2230\" data-end=\"2243\">In short:<\/strong> The <strong data-start=\"2248\" data-end=\"2263\">Xdiag TSGUN<\/strong> is an essential tool for workshops and professionals looking to streamline TPMS service. From diagnosing faults to programming and learning new sensors, it offers a reliable, cost-effective, and time-saving solution.<\/p>","protected":false},"excerpt":{"rendered":"<p class=\" translation-block\">The <strong data-start=\"95\" data-end=\"110\">Xdiag TSGUN<\/strong>, sens\u00f6r aktivasyonu, okuma, programlama ve yeniden \u00f6\u011frenme fonksiyonlar\u0131n\u0131 tek bir cihazda birle\u015ftiren profesyonel bir TPMS mod\u00fcl\u00fcd\u00fcr. Kompakt, ta\u015f\u0131nabilir ve uygun maliyetlidir; lastik bas\u0131nc\u0131 ve s\u0131cakl\u0131\u011f\u0131 gibi temel verileri okur ve Xdiag ara\u00e7lar\u0131n\u0131n te\u015fhis yeteneklerini sorunsuz \u015fekilde geni\u015fletir.<\/p>","protected":false},"featured_media":5177,"template":"","meta":{"_seopress_robots_primary_cat":"23","_seopress_titles_title":"TPMS & X-431 TSGUN Advanced Module for Tire Data Managing","_seopress_titles_desc":"The X-431 TSGUN: A Robust TPMS Module Seamlessly Integrating Sensor Functionalities and Tire Data Gathering. Delivering Portability, Cost-Efficiency, and More.","_seopress_robots_index":"","_kad_blocks_custom_css":"","_kad_blocks_head_custom_js":"","_kad_blocks_body_custom_js":"","_kad_blocks_footer_custom_js":"","_kad_post_transparent":"default","_kad_post_title":"","_kad_post_layout":"default","_kad_post_sidebar_id":"","_kad_post_content_style":"default","_kad_post_vertical_padding":"default","_kad_post_feature":"","_kad_post_feature_position":"","_kad_post_header":false,"_kad_post_footer":false,"iawp_total_views":186},"product_cat":[25,21,26],"product_tag":[],"class_list":{"0":"post-958","1":"product","2":"type-product","3":"status-publish","4":"has-post-thumbnail","6":"product_cat-adapters","7":"product_cat-connectors","8":"product_cat-xdiag","10":"first","11":"instock","12":"shipping-taxable","13":"purchasable","14":"product-type-simple","15":"entry","16":"content-bg","17":"loop-entry"},"exclude_global_add_ons":[],"addons":[],"taxonomy_info":{"product_cat":[{"value":25,"label":"Adapters"},{"value":21,"label":"Connectors"},{"value":26,"label":"xdiag"}]},"featured_image_src_large":["https:\/\/xdiag.org\/wp-content\/uploads\/2025\/09\/Xdiag_Launch_X431_TPMS_1.jpg",600,600,false],"author_info":[],"comment_info":"","_links":{"self":[{"href":"https:\/\/xdiag.org\/tr\/wp-json\/wp\/v2\/product\/958","targetHints":{"allow":["GET"]}}],"collection":[{"href":"https:\/\/xdiag.org\/tr\/wp-json\/wp\/v2\/product"}],"about":[{"href":"https:\/\/xdiag.org\/tr\/wp-json\/wp\/v2\/types\/product"}],"wp:featuredmedia":[{"embeddable":true,"href":"https:\/\/xdiag.org\/tr\/wp-json\/wp\/v2\/media\/5177"}],"wp:attachment":[{"href":"https:\/\/xdiag.org\/tr\/wp-json\/wp\/v2\/media?parent=958"}],"wp:term":[{"taxonomy":"product_cat","embeddable":true,"href":"https:\/\/xdiag.org\/tr\/wp-json\/wp\/v2\/product_cat?post=958"},{"taxonomy":"product_tag","embeddable":true,"href":"https:\/\/xdiag.org\/tr\/wp-json\/wp\/v2\/product_tag?post=958"}],"curies":[{"name":"wp","href":"https:\/\/api.w.org\/{rel}","templated":true}]}}